{"id":112,"date":"2014-12-15T05:23:18","date_gmt":"2014-12-15T05:23:18","guid":{"rendered":"https:\/\/www.rohkostinsel.de\/?page_id=112"},"modified":"2023-05-01T17:08:30","modified_gmt":"2023-05-01T17:08:30","slug":"projekt-vorstellung","status":"publish","type":"page","link":"https:\/\/www.rohkostinsel.de\/","title":{"rendered":"Das Projekt"},"content":{"rendered":"<p>Unser Projekt dreht sich&nbsp;im Wesentlichen um <strong>Selbstversorgung <\/strong>und das Leben in guter <strong>Nachbarschaft<\/strong>. Wir m\u00f6chten v\u00f6llig unabh\u00e4ngig und selbstbestimmt leben. Dazu geh\u00f6rt nat\u00fcrlich in erster Linie ein Grundst\u00fcck, das uns mit <strong>Nahrung<\/strong> und frischem&nbsp;Quellwasser versorgt und uns Raum zum Leben gibt. <strong>Permakultur<\/strong>&nbsp;ist das Zauberwort &#8211; nicht nur, wenn es darum geht Nahrungsmittel selber anzupflanzen. Nat\u00fcrlich m\u00f6chten wir auch<strong> im Einklang mit der Natur&nbsp;Wohnen<\/strong> und bauen deshalb unser Haus nach ganz eigenen Vorstellungen. Wir versuchen m\u00f6glichst schnell weitgehend autark zu werden. Wir m\u00f6chten das unsere Kinder in <strong>Freiheit<\/strong> aufwachsen k\u00f6nnen und Ihre <strong>Kreativit\u00e4t<\/strong> gef\u00f6rdert wird..<\/p>\n<p><strong>Permakultur<\/strong><br \/>\nPermakultur bedeutet nur Das zu machen was n\u00f6tig ist, nur dann einzugreifen wenn es sinnvoll ist. Es&nbsp;bedeutet zu beobachten, zu probieren, zu spielen und sich der Gewissheit das alles schon vollkommen&nbsp;ist bewusst zu werden. Das Wort hat seinen Ursprung zwar in Verbindung mit G\u00e4rtnern und Pflanzenanbau,&nbsp;l\u00e4sst sich aber auf <strong>alle Bereiche des Lebens<\/strong> anwenden. Wie im Gro\u00dfen so im Kleinen, wie Au\u00dfen&nbsp;so auch Innen. Es bedeutet mit der Natur zu arbeiten, sich als <strong>Teil der Natur<\/strong> zu verstehen und so unserer Mutter Erde zu helfen wieder in Balance zu kommen, sie zu heilen. Die Vorz\u00fcge sind weniger Arbeit und mehr Ertrag! Alles ist im Fluss und wir k\u00f6nnen beeinflussen wohin es flie\u00dft.<\/p>\n<p><strong>Einfachheit<\/strong><br \/>\nEs geht um das Verst\u00e4ndnis das jedes Lebewesen was auf die Erde kommt schon vollkommen ist. Es ist <strong>mit Allem ausgestattet<\/strong>, was es zum Leben braucht. Genauso wie ein winziges Samenkorn aus dem ein jahrtausendealter, hunderte Meter hoher Baum gedeiht, ohne das jemand sagt wie er zu&nbsp;wachsen habe. So&nbsp;ist auch der Mensch <strong>von Anfang an vollkommen<\/strong> und sollte&nbsp;nicht \u201cerzogen\u201c werden. Auch sollte der Mensch nicht irgendjemand werden wollen, wenn er \u00e4lter wird. Wir sind nur hier um <strong>aus der Erde wieder ein Paradies&nbsp;zu machen<\/strong> und den Weg dahin zu finden und in kleinen Schritten zu genie\u00dfen.&nbsp;Das Leben ist da um es mit bedingungsloser Liebe zu genie\u00dfen, einfach da sein, einander helfen&nbsp;und lieben. <strong>Alles ist da, wir m\u00fcssen uns nur erinnern wo wir es versteckt haben.<\/strong><\/p>\n<p><strong>Lebensmittel<\/strong><br \/>\nBei der Ern\u00e4hrung gewinnt nat\u00fcrlich auch immer <strong>die Einfachheit<\/strong>. Um so weniger unsere Nahrung verarbeitet und vermischt ist, desto besser. Nat\u00fcrlich gewachsene, <strong>vegane<\/strong> Lebensmittel (aus <strong>biologischem Anbau<\/strong>) und m\u00f6glichst in roher Form (<strong>Rohkost<\/strong>) bilden dabei nat\u00fcrlich die Basis und sind ideal. Bei tierischen Produkten geht es immer um einen gesamten Lebensweg bzw. die Frage wie gut eine nat\u00fcrliche Lebensweise m\u00f6glich und wie gesund und gl\u00fccklich ein Tier ist.<br \/>\nWann immer es m\u00f6glich ist: <strong>Regional und Frisch vom Baum in den Mund!<\/strong> Die vollkommenste Nahrung der Welt ist die, die du selbst angebaut und geerntet hast. Sie ist <strong>dein&nbsp;Heilmittel<\/strong>. Sich Zeit nehmen und <strong>in Liebe und Dankbarkeit zu essen<\/strong> ist aber viel wichtiger. Danke Gott f\u00fcr Deine Nahrung.<\/p>\n","protected":false},"excerpt":{"rendered":"<p>Unser Projekt dreht sich&nbsp;im Wesentlichen um Selbstversorgung und das Leben in guter Nachbarschaft. Wir m\u00f6chten v\u00f6llig unabh\u00e4ngig und selbstbestimmt leben. Dazu geh\u00f6rt nat\u00fcrlich in erster Linie ein Grundst\u00fcck, das uns mit Nahrung und frischem&nbsp;Quellwasser versorgt und uns Raum zum Leben gibt. Permakultur&nbsp;ist das Zauberwort &#8211; nicht nur, wenn es darum geht Nahrungsmittel selber anzupflanzen. Nat\u00fcrlich &hellip; <\/p>\n<p class=\"link-more\"><a href=\"https:\/\/www.rohkostinsel.de\/\" class=\"more-link\"><span class=\"screen-reader-text\">\u201eDas Projekt\u201c<\/span> weiterlesen<\/a><\/p>\n","protected":false},"author":1,"featured_media":3541,"parent":0,"menu_order":0,"comment_status":"open","ping_status":"open","template":"","meta":[],"_links":{"self":[{"href":"https:\/\/www.rohkostinsel.de\/index.php?rest_route=\/wp\/v2\/pages\/112"}],"collection":[{"href":"https:\/\/www.rohkostinsel.de\/index.php?rest_route=\/wp\/v2\/pages"}],"about":[{"href":"https:\/\/www.rohkostinsel.de\/index.php?rest_route=\/wp\/v2\/types\/page"}],"author":[{"embeddable":true,"href":"https:\/\/www.rohkostinsel.de\/index.php?rest_route=\/wp\/v2\/users\/1"}],"replies":[{"embeddable":true,"href":"https:\/\/www.rohkostinsel.de\/index.php?rest_route=%2Fwp%2Fv2%2Fcomments&post=112"}],"version-history":[{"count":14,"href":"https:\/\/www.rohkostinsel.de\/index.php?rest_route=\/wp\/v2\/pages\/112\/revisions"}],"predecessor-version":[{"id":3672,"href":"https:\/\/www.rohkostinsel.de\/index.php?rest_route=\/wp\/v2\/pages\/112\/revisions\/3672"}],"wp:featuredmedia":[{"embeddable":true,"href":"https:\/\/www.rohkostinsel.de\/index.php?rest_route=\/wp\/v2\/media\/3541"}],"wp:attachment":[{"href":"https:\/\/www.rohkostinsel.de\/index.php?rest_route=%2Fwp%2Fv2%2Fmedia&parent=112"}],"curies":[{"name":"wp","href":"https:\/\/api.w.org\/{rel}","templated":true}]}}