{"id":129,"date":"2014-12-15T06:55:23","date_gmt":"2014-12-15T06:55:23","guid":{"rendered":"https:\/\/www.rohkostinsel.de\/?page_id=129"},"modified":"2023-05-02T23:19:38","modified_gmt":"2023-05-02T23:19:38","slug":"baumreife-fruechte","status":"publish","type":"page","link":"https:\/\/www.rohkostinsel.de\/?page_id=129","title":{"rendered":"Das Dorf"},"content":{"rendered":"\n<p><strong>Herzlich Willkommen in Miyanawatta<\/strong><br>Miyanawatta ist ein sehr kleines und abgelegenes Dorf mit nur etwa 50 Familien. Neben den malerischen&nbsp;Reisfeldern am Fu\u00dfe des kleinen Berges&nbsp;gibt es auch sehr viele&nbsp;Bananenanpflanzungen und in den unz\u00e4hligen Hausg\u00e4rten&nbsp;werden neben&nbsp;Kokospalmen, Obst&nbsp;und Gem\u00fcse auch die eigenen Gew\u00fcrze und Kr\u00e4uter angepflanzt. <strong>Die Menschen leben hier zum Gro\u00dfteil noch aus dem eigenen Garten.<br><\/strong><br>Vom 300m hohen Dorfberg aus kann man bei guter Sicht die Ostk\u00fcste sehen, die nur 80km entfernt ist. Auf dem Berg gibt es mehrere Quellen und einen kleinen Tempel und hier meditieren die buddhistischen M\u00f6nche in Abgeschiedenheit. <strong>Die Menschen im Dorf&nbsp;sind \u00e4u\u00dferst&nbsp;gastfreundlich und leben ein sehr einfaches Leben.<\/strong> Der H\u00f6hepunkt ist der w\u00f6chentliche Weg&nbsp;in die 10km entfernte Stadt Monaragala, wo die Ernte verkauft und vom Erl\u00f6s&nbsp;die n\u00f6tigen Nahrungsmittel zugekauft&nbsp;werden.<br>Die Gegend ist noch sehr d\u00fcnn besiedelt, wegen der&nbsp;schlechten Infrastruktur. Bis vor wenigen Jahren gab es hier weder Strom, noch Wasser. Auch die unbefestigte Stra\u00dfe war sehr schlecht und keine Busse fuhren ins Dorf. Der Handy-Empfang ist&nbsp;noch immer sehr schlecht. Die H\u00f6hle auf dem Berg &#8211; wo jetzt wieder ein Tempel ist, war damals noch verlassen. In den letzten Jahren hat sich viel getan in diesem kleinen Dorf.<\/p>\n\n\n\n<p><strong>Bereits als wir 2008 das Grundst\u00fcck kauften, war Miyanawatta&nbsp;nach&nbsp;unseren Vorstellungen&nbsp;der perfekt Ort.<\/strong> Und das Grundst\u00fcck hat sich als zukunftsf\u00e4hig erwiesen. Wir wollten eine Lage direkt am Fluss und m\u00f6glichst wenige Nachbarn, lieber Dschungel und unsere Ruhe. Der Nachbarh\u00fcgel und die unzug\u00e4ngliche Lage bew\u00e4hrten&nbsp;sich bisher als entscheidender&nbsp;Vorteil.&nbsp;Auch ist die fortschreitende Zerst\u00f6rung&nbsp;hier noch etwas langsamer, sodass wir bisher jede unsch\u00f6ne Entwicklung auch als Chance f\u00fcr uns nutzen konnten.<\/p>\n\n\n\n<p><strong>Wir sind langsam mit dem Dorf gewachsen und inzwischen voll intergriert. <\/strong>Wir\u00a0freuen uns nat\u00fcrlich mit den Menschen hier \u00fcber alle &#8222;Fortschritte&#8220;. Allerdings haben wir bereits vorgesorgt und einige Nachbargrundst\u00fccke gekauft (und so manche Motors\u00e4ge gestoppt) um die direkte Umgebung zu sch\u00fctzen und wir sollten\u00a0noch weitere Grundst\u00fccke kaufen um sicherzustellen, das wir auch in Zukunft eine vollkommen isolierte und gesch\u00fctzte Lage behalten. Inzwischen ist unser Grundst\u00fcck auf drei Seiten von einem Fluss begrenzt. Es geht jetzt darum auf der anderen Seite vom Fluss \u00fcberall Grundst\u00fccke als Pufferzonen zu kaufen und damit den Flusswald, der uns umgibt dauerhaft zu sch\u00fctzen bzw. diesen wieder aufzuforsten.<\/p>\n\n\n\n<p><strong>Ort der Ruhe<\/strong><br>Wir schaffen uns hier einen&nbsp;<strong>Ort der Ruhe<\/strong>. Einen Ort der uns heilt und uns&nbsp;neue Kraft gibt.&nbsp;Es geht dabei um ein freies, selbstbestimmtes Leben. <strong>Ein&nbsp;Leben in&nbsp;Harmonie und Liebe<\/strong>, im Einklang mit sich&nbsp;selbst, den Mitmenschen und der Natur. Wir m\u00f6chten einen unabh\u00e4ngigen&nbsp;Lebensweg gehen&nbsp;und dabei unseren inneren&nbsp;<strong>Frieden<\/strong> finden. Die Suche nach wirklicher <strong>Zufriedenheit<\/strong> und <strong>Gl\u00fcckseligkeit<\/strong>&nbsp;findet in uns selbst statt.<\/p>\n\n\n\n<p><strong>Oasen des Lebens e.V.<\/strong> Im Dezember 2019 haben wir von Oasen des Lebens e.V. erfahren und waren sofort begeistert. Ab sofort sind wir eine Partner-Oase. Wir nennen diese Webseite &#8222;Rohkostinsel&#8220; weil wir hier in Sri Lanka der einzige Ort sind, an dem Rohk\u00f6stler aller Facetten auf Gleichgesinnte treffen k\u00f6nnen. Wir hoffen das Ihr schon bald unsere kleine Oase hier mit Leben f\u00fcllt. Wir freuen uns auf Euch!<br><br><\/p>\n\n\n\n<p class=\"has-background\" style=\"background-color:#abb7c238\"><strong>Kurzbeschreibung f\u00fcr Oasen des Lebens:<\/strong><br>Unsere Oase befindet sich im S\u00fcd-Osten Sri Lankas in der noch eher weniger touristischen Uva Province in einem kleinen Dorf mit Pfefferg\u00e4rten und Reisfeldern. Die n\u00e4chste Stadt ist Monaragala und ist etwa 12km entfernt. Wir haben bisher eine ca. 12-14 Hektar gro\u00dfe Fl\u00e4che mit zwei kleineren Bachl\u00e4ufen* und sehr viel Wald\/Grasland gekauft. Ruhe und Abgeschiedenheit ist aufgrund der isolierten Lage weitgehend gegeben. \u00dcber die H\u00e4lfte vom Grundst\u00fcck ist unber\u00fchrter Wald und wir sch\u00fctzen diesen seit wir hier sind gegen Buschfeuer und Motors\u00e4gen. Es gibt Wanderwege und eine kleine Br\u00fccke im Flusswald. Nach Westen hin grenzt unser Grundst\u00fcck an ein Naturschutzgebiet (ca. 50-60 Hektar) das vor Kurzem ausgewiesen wurde. Hier wollen wir uns in Zukunft f\u00fcr eine Wiederaufforstung einsetzen. In unserem Garten haben wir neben Bananen und sehr vielen Mangob\u00e4umen auch Kokosnusspalmen und Zimtapfel, Stachelannone, Maulbeere und Vieles mehr. Diese Oase ist der perfekte Ort um Ruhe zu finden und sich zu entschleunigen. Wir planen einen kleinen Retreat-Center hier. (F\u00fcr Retreats bis zu 25 Teilnehmer) <br><br><em>*Die B\u00e4che werden zu rei\u00dfenden Fl\u00fcssen in der Regenzeit \u2013 Mitte November bis Mitte Januar \ud83d\ude09 Sobald der Regen etwas nachl\u00e4sst haben wir tolle Badem\u00f6glichkeiten mit Wasserfall direkt am Haupthaus. Auf dem H\u00f6hepunkt der Trockenzeit (August bis Mitte Oktober) f\u00fchren die Fl\u00fcsse kaum\/kein Wasser mehr und wir haben teilweise Wasserknappheit. Eine kleinere Regenzeit gibt es meist so um April herum bevor dann die Trockenperiode\/der Sommer beginnt.<\/em><\/p>\n\n\n\n<p><\/p>\n","protected":false},"excerpt":{"rendered":"<p>Herzlich Willkommen in MiyanawattaMiyanawatta ist ein sehr kleines und abgelegenes Dorf mit nur etwa 50 Familien. Neben den malerischen&nbsp;Reisfeldern am Fu\u00dfe des kleinen Berges&nbsp;gibt es auch sehr viele&nbsp;Bananenanpflanzungen und in den unz\u00e4hligen Hausg\u00e4rten&nbsp;werden neben&nbsp;Kokospalmen, Obst&nbsp;und Gem\u00fcse auch die eigenen Gew\u00fcrze und Kr\u00e4uter angepflanzt. Die Menschen leben hier zum Gro\u00dfteil noch aus dem eigenen Garten.Vom 300m &hellip; <\/p>\n<p class=\"link-more\"><a href=\"https:\/\/www.rohkostinsel.de\/?page_id=129\" class=\"more-link\"><span class=\"screen-reader-text\">\u201eDas Dorf\u201c<\/span> weiterlesen<\/a><\/p>\n","protected":false},"author":1,"featured_media":0,"parent":0,"menu_order":0,"comment_status":"open","ping_status":"open","template":"","meta":[],"_links":{"self":[{"href":"https:\/\/www.rohkostinsel.de\/index.php?rest_route=\/wp\/v2\/pages\/129"}],"collection":[{"href":"https:\/\/www.rohkostinsel.de\/index.php?rest_route=\/wp\/v2\/pages"}],"about":[{"href":"https:\/\/www.rohkostinsel.de\/index.php?rest_route=\/wp\/v2\/types\/page"}],"author":[{"embeddable":true,"href":"https:\/\/www.rohkostinsel.de\/index.php?rest_route=\/wp\/v2\/users\/1"}],"replies":[{"embeddable":true,"href":"https:\/\/www.rohkostinsel.de\/index.php?rest_route=%2Fwp%2Fv2%2Fcomments&post=129"}],"version-history":[{"count":12,"href":"https:\/\/www.rohkostinsel.de\/index.php?rest_route=\/wp\/v2\/pages\/129\/revisions"}],"predecessor-version":[{"id":3686,"href":"https:\/\/www.rohkostinsel.de\/index.php?rest_route=\/wp\/v2\/pages\/129\/revisions\/3686"}],"wp:attachment":[{"href":"https:\/\/www.rohkostinsel.de\/index.php?rest_route=%2Fwp%2Fv2%2Fmedia&parent=129"}],"curies":[{"name":"wp","href":"https:\/\/api.w.org\/{rel}","templated":true}]}}