{"id":131,"date":"2014-12-15T06:55:36","date_gmt":"2014-12-15T06:55:36","guid":{"rendered":"https:\/\/www.rohkostinsel.de\/?page_id=131"},"modified":"2019-12-14T08:41:13","modified_gmt":"2019-12-14T08:41:13","slug":"die-farm-erleben","status":"publish","type":"page","link":"https:\/\/www.rohkostinsel.de\/?page_id=131","title":{"rendered":"Besuche uns doch einfach mal!"},"content":{"rendered":"<p>Wir haben inzwischen die M\u00f6glichkeit mehrere Besucher in Zelten unterzubringen. Daf\u00fcr haben wir sch\u00f6ne Zeltpl\u00e4tze vorbereitet.<br \/>\nEs gibt ein Toilettenhaus mit 8 Toiletten und 8 Duschen. Angeschlossen daran eine Biogasanlage, die zum Kochen benutzt werden kann. Au\u00dferdem eine Waschmaschine die bei Bedarf genutzt werden kann. Wir haben seit Kurzem einen Stromanschlu\u00df und eine eigene Solaranlage. Trinkwasserbrunnen und einen weiteren Brunnen f\u00fcr Verbrauchswasser (mit Pumpe) haben wir Ende 2017 angelegt.<\/p>\n<p>Camping ist zur Zeit also die Beste Option bei uns auf dem Grundst\u00fcck und Du wirst viel Ruhe finden. Es gibt gute Wanderwege und viele sch\u00f6ne Pl\u00e4tze zum Meditieren, Lesen, Ausruhen, f\u00fcr Yoga oder einfach zum Relaxen.<\/p>\n<p>Bringe bitte nur biologisch abbaubare Seife usw. mit oder frage uns vor Ort. Wir haben Waschmittel und Seife bio, lokal und biologisch abbaubar!<\/p>\n","protected":false},"excerpt":{"rendered":"<p>Wir haben inzwischen die M\u00f6glichkeit mehrere Besucher in Zelten unterzubringen. Daf\u00fcr haben wir sch\u00f6ne Zeltpl\u00e4tze vorbereitet. Es gibt ein Toilettenhaus mit 8 Toiletten und 8 Duschen. Angeschlossen daran eine Biogasanlage, die zum Kochen benutzt werden kann. Au\u00dferdem eine Waschmaschine die bei Bedarf genutzt werden kann. Wir haben seit Kurzem einen Stromanschlu\u00df und eine eigene Solaranlage. &hellip; <\/p>\n<p class=\"link-more\"><a href=\"https:\/\/www.rohkostinsel.de\/?page_id=131\" class=\"more-link\"><span class=\"screen-reader-text\">\u201eBesuche uns doch einfach mal!\u201c<\/span> weiterlesen<\/a><\/p>\n","protected":false},"author":1,"featured_media":2768,"parent":0,"menu_order":0,"comment_status":"open","ping_status":"open","template":"","meta":[],"_links":{"self":[{"href":"https:\/\/www.rohkostinsel.de\/index.php?rest_route=\/wp\/v2\/pages\/131"}],"collection":[{"href":"https:\/\/www.rohkostinsel.de\/index.php?rest_route=\/wp\/v2\/pages"}],"about":[{"href":"https:\/\/www.rohkostinsel.de\/index.php?rest_route=\/wp\/v2\/types\/page"}],"author":[{"embeddable":true,"href":"https:\/\/www.rohkostinsel.de\/index.php?rest_route=\/wp\/v2\/users\/1"}],"replies":[{"embeddable":true,"href":"https:\/\/www.rohkostinsel.de\/index.php?rest_route=%2Fwp%2Fv2%2Fcomments&post=131"}],"version-history":[{"count":5,"href":"https:\/\/www.rohkostinsel.de\/index.php?rest_route=\/wp\/v2\/pages\/131\/revisions"}],"predecessor-version":[{"id":3423,"href":"https:\/\/www.rohkostinsel.de\/index.php?rest_route=\/wp\/v2\/pages\/131\/revisions\/3423"}],"wp:featuredmedia":[{"embeddable":true,"href":"https:\/\/www.rohkostinsel.de\/index.php?rest_route=\/wp\/v2\/media\/2768"}],"wp:attachment":[{"href":"https:\/\/www.rohkostinsel.de\/index.php?rest_route=%2Fwp%2Fv2%2Fmedia&parent=131"}],"curies":[{"name":"wp","href":"https:\/\/api.w.org\/{rel}","templated":true}]}}