{"id":135,"date":"2014-12-15T06:56:37","date_gmt":"2014-12-15T06:56:37","guid":{"rendered":"https:\/\/www.rohkostinsel.de\/?page_id=135"},"modified":"2023-04-29T22:17:10","modified_gmt":"2023-04-29T22:17:10","slug":"permakultur","status":"publish","type":"page","link":"https:\/\/www.rohkostinsel.de\/?page_id=135","title":{"rendered":"Die Gr\u00fcnder"},"content":{"rendered":"<p><strong>Anusha ist<\/strong> <strong>Deine\u00a0Gastgeberin und die Mutter f\u00fcr alle<\/strong>. In Sri\u00a0Lanka wird Gastfreundschaft ganz gro\u00df geschrieben. Und als Singhalesin versteht Sie nat\u00fcrlich ihr Handwerk, insbesondere wenn es darum geht sich um alle G\u00e4ste zu k\u00fcmmern. Sie organisiert, telefoniert, und delegiert immer da wo es gerade sinnvoll ist. Sie hat den \u00dcberblick und sorgt nicht nur f\u00fcr die Unterk\u00fcnfte, sondern auch f\u00fcr das leibliche Wohl.<br \/>\nNicht vergessen: Sie hat zwei Jahre lang ein kleines Rohkost-Restaurant gef\u00fchrt und zaubert die coolsten Rohkost-Salate, Smoothies, Eiscremes und nat\u00fcrlich auch traditionelle Rice &amp; Curry Kreationen, die sie sehr liebevoll und schonend zubereitet und darauf achtet, das immer mindestens die H\u00e4lfte der Mahlzeit aus einem leckeren Rohkost-Salat besteht. Es gibt bei uns auch frische Ziegenmilch und Eier. Somit ist immer f\u00fcr jeden etwas dabei.<br \/>\nAnusha freut sich ganz besonders\u00a0\u00fcber neue Gesichter und organisiert auch die Tagesausfl\u00fcge falls Interesse besteht.<br \/>\nSie \u00fcbernimmt au\u00dferdem die finanziellen Geschichten und alles Organisatorische.<\/p>\n<p><strong>Benjamin ist der kreative Kopf und Planer.<\/strong>\u00a0Er verbringt viel Zeit im Garten und liebt Arbeit in der Natur und an der frischen Luft. Au\u00dferdem ist er vertieft in die\u00a0Planung\u00a0unserer\u00a0Bauprojekte und nat\u00fcrlich der gesamten Grundst\u00fccksplanung. Er ist handwerklich und k\u00fcnstlerisch begabt und legt gerne selbst Hand an. Dabei macht es Spa\u00df neues zu Lernen und Erfahrungen zu sammeln. Ausprobieren und Improvisieren geh\u00f6rt in Sri Lanka selbstverst\u00e4ndlich zum Alltag und ist Tradition.\u00a0Unser Haus hat er zum Gro\u00dfteil\u00a0alleine gebaut und zwar mit ganz viel Liebe zum Detail.<br \/>\nBenjamin freut sich auf Gleichgesinnte und hat noch einige Pl\u00e4ne, die umgesetzt werden wollen.\u00a0Vielleicht bist Du ja beim n\u00e4chsten Projekt mit dabei?<\/p>\n<p>Im Moment sind wir allerdings sehr besch\u00e4ftigt mit unserem neusten Projekt:\u00a0<strong><a href=\"http:\/\/www.fruchtlawine.de\" target=\"_blank\" rel=\"noopener noreferrer\">www.fruchtlawine.de<\/a><\/strong><\/p>\n","protected":false},"excerpt":{"rendered":"<p>Anusha ist Deine\u00a0Gastgeberin und die Mutter f\u00fcr alle. In Sri\u00a0Lanka wird Gastfreundschaft ganz gro\u00df geschrieben. Und als Singhalesin versteht Sie nat\u00fcrlich ihr Handwerk, insbesondere wenn es darum geht sich um alle G\u00e4ste zu k\u00fcmmern. Sie organisiert, telefoniert, und delegiert immer da wo es gerade sinnvoll ist. Sie hat den \u00dcberblick und sorgt nicht nur f\u00fcr &hellip; <\/p>\n<p class=\"link-more\"><a href=\"https:\/\/www.rohkostinsel.de\/?page_id=135\" class=\"more-link\"><span class=\"screen-reader-text\">\u201eDie Gr\u00fcnder\u201c<\/span> weiterlesen<\/a><\/p>\n","protected":false},"author":1,"featured_media":0,"parent":0,"menu_order":0,"comment_status":"open","ping_status":"open","template":"","meta":[],"_links":{"self":[{"href":"https:\/\/www.rohkostinsel.de\/index.php?rest_route=\/wp\/v2\/pages\/135"}],"collection":[{"href":"https:\/\/www.rohkostinsel.de\/index.php?rest_route=\/wp\/v2\/pages"}],"about":[{"href":"https:\/\/www.rohkostinsel.de\/index.php?rest_route=\/wp\/v2\/types\/page"}],"author":[{"embeddable":true,"href":"https:\/\/www.rohkostinsel.de\/index.php?rest_route=\/wp\/v2\/users\/1"}],"replies":[{"embeddable":true,"href":"https:\/\/www.rohkostinsel.de\/index.php?rest_route=%2Fwp%2Fv2%2Fcomments&post=135"}],"version-history":[{"count":13,"href":"https:\/\/www.rohkostinsel.de\/index.php?rest_route=\/wp\/v2\/pages\/135\/revisions"}],"predecessor-version":[{"id":3644,"href":"https:\/\/www.rohkostinsel.de\/index.php?rest_route=\/wp\/v2\/pages\/135\/revisions\/3644"}],"wp:attachment":[{"href":"https:\/\/www.rohkostinsel.de\/index.php?rest_route=%2Fwp%2Fv2%2Fmedia&parent=135"}],"curies":[{"name":"wp","href":"https:\/\/api.w.org\/{rel}","templated":true}]}}