{"id":2688,"date":"2015-12-18T08:02:03","date_gmt":"2015-12-18T08:02:03","guid":{"rendered":"https:\/\/www.rohkostinsel.de\/?page_id=2688"},"modified":"2020-01-04T10:57:48","modified_gmt":"2020-01-04T10:57:48","slug":"2008-2","status":"publish","type":"page","link":"https:\/\/www.rohkostinsel.de\/?page_id=2688","title":{"rendered":"Jahresr\u00fcckblick 2008"},"content":{"rendered":"<p><strong>Vorgeschichte<\/strong><br \/>\nDer 24.&nbsp;M\u00e4rz&nbsp;2005 ist der wohl wichtigste Tag in meinem Leben. An diesem Tag habe ich Anusha zum ersten Mal getroffen \ud83d\ude09 Das Lustige ist, das ich noch einen Tagebucheintrag genau von diesem Tag habe und das Datum mir deshalb gut in Erinnerung geblieben ist.<br \/>\nIn den darauf folgenden drei Jahren lernten wir uns langsam kennen.&nbsp;Anusha interessiert sich sehr f\u00fcr singhalesische&nbsp;Literatur und Geschichte.&nbsp;Sie ist (wie ich) eine absolute Leseratte und Naturliebhaberin, die Vergleiche zu fr\u00fcheren Zeiten zieht&nbsp;und dem heutigen System gegen\u00fcber eher skeptisch ist. In der freien Natur f\u00fchlt sie sich am Wohlsten. Sie liebt das einfache Leben und bewegt sich haupts\u00e4chlich im Jetzt. Wir&nbsp;unterhalten uns oft stundenlang und sind kaum zu trennen.&nbsp;Ich war sofort fasziniert von dieser exotischen Welt, die sie mir n\u00e4her brachte&nbsp;und mir wurde schon bald&nbsp;klar, das Sri Lanka meine zweite Heimat werden w\u00fcrde. Ende 2007 waren wir uns dann sicher \u00fcber eine&nbsp;gemeinsame Zukunft.&nbsp;Wir entschlossen uns nach meiner R\u00fcckkehr aus Deutschland vielleicht 2009 zu heiraten. Eigentlich wollte ich noch l\u00e4nger in Deutschland bleiben, aber nach nur vier&nbsp;Monaten hielten wir die Trennung nicht mehr aus \ud83d\ude09<\/p>\n<p><strong>Zusammenfassung<br \/>\n<\/strong>Zun\u00e4chst wohne ich also wieder&nbsp;bei meinen Eltern und arbeite bei meinem Vater im B\u00fcro. Das hat meiner Meinung nach den Vorteil, das ich schneller Geld ansparen kann f\u00fcr meine Zukunft in Sri Lanka. Mein Traum w\u00e4re nat\u00fcrlich ein eigenes Grundst\u00fcck mit H\u00e4uschen. Aber doch nicht mit 28 Jahren, oder? Meine Lebensphilosophie st\u00f6\u00dft zun\u00e4chst eher auf Unverst\u00e4ndnis. Alleine schon das ich bei jeder Gelegenheit barfu\u00df herumlaufe und sogar teilweise drau\u00dfen schlafe&#8230;<br \/>\nIch merke jetzt immer mehr, das die Zeit in Sri Lanka mich ziemlich ver\u00e4ndert hat und ich nicht mehr bereit bin f\u00fcr ein &#8222;geregeltes, normales Leben&#8220; in Deutschland.<br \/>\nDas Hamsterrad&nbsp;&#8222;Arbeite f\u00fcr Dein Leben und Lebe f\u00fcr Deine Arbeit&#8220; erzeugt irgendwie Angstzust\u00e4nde in mir. Ich plane bereits meine &#8222;Flucht&#8220; nach Sri Lanka \ud83d\ude09<br \/>\nIch glaube das ich jetzt neue Wege gehen muss&nbsp;und das ich eigentlich schon&nbsp;mitten drin bin in einem Prozess dessen Ausma\u00dfe mir erst langsam bewusst werden..<br \/>\nTrotz Allem: Den Segen meiner Familie und die vollste Unterst\u00fctzung habe ich auf jeden Fall. Das ist nat\u00fcrlich das Wichtigste. Nun reise ich erstmal f\u00fcr unbestimmte Zeit nach Sri Lanka und werde hier heiraten. Dieses Jahr wird mich und Anusha immer mehr&nbsp;zusammen bringen&nbsp;und uns an den Ort f\u00fchren, der unser neues Zuhause, ja unser Alterswohnsitz werden&nbsp;wird. Noch im Dezember kaufen wir uns n\u00e4mlich ein Grundst\u00fcck im kleinen, malerischen und sehr abgelegenen Miyanawatta, einem Dorf in der N\u00e4he von Monaragala. Doch bis es soweit ist f\u00fchrt uns unsere Reise quer durch Sri Lanka und wir verbringen die meiste Zeit in Matale, im Bergland und im Herzen Sri Lankas, wo wir unsere Liebe zu Wasserf\u00e4llen und dem unber\u00fchrten Dschungel entdecken. Wir unternehmen ausgedehnte Spazierg\u00e4nge und Bergwanderungen. Am besten gefallen mir aber die Flu\u00dfwanderungen quer durch den Dschungel und die unbekannten, l\u00e4ngst vergessenen Wasserf\u00e4lle inmitten der Natur. Je unzug\u00e4nglicher, desto interessanter. Sri Lanka ist Abenteuer pur!<\/p>\n<p><strong>Das Jahr im \u00dcberblick<\/strong><\/p>\n<p><b>Januar<\/b><\/p>\n<ul>\n<li>Wohnungsaufl\u00f6sung&nbsp;und Einzug&nbsp;bei den Eltern<\/li>\n<li>Arbeiten in Eckernf\u00f6rde&nbsp;und der Versuch der Reintegration<\/li>\n<\/ul>\n<p><a href=\"https:\/\/www.rohkostinsel.de\/wp-content\/uploads\/2015\/12\/BEN_080421_000722.jpg\" rel=\"attachment wp-att-2928\"><img decoding=\"async\" loading=\"lazy\" class=\"alignnone size-medium wp-image-2928\" src=\"https:\/\/www.rohkostinsel.de\/wp-content\/uploads\/2015\/12\/BEN_080421_000722.jpg\" alt=\"BEN_080421_000722\" width=\"500\" height=\"335\"><\/a><br \/>\nDer wundersch\u00f6ne Strand und die typischen Strandk\u00f6rbe in Eckernf\u00f6rde<\/p>\n<p><a href=\"https:\/\/www.rohkostinsel.de\/wp-content\/uploads\/2015\/12\/BEN_080421_000700.jpg\" rel=\"attachment wp-att-2927\"><img decoding=\"async\" loading=\"lazy\" class=\"alignnone size-medium wp-image-2927\" src=\"https:\/\/www.rohkostinsel.de\/wp-content\/uploads\/2015\/12\/BEN_080421_000700.jpg\" alt=\"BEN_080421_000700\" width=\"500\" height=\"335\"><br \/>\n<\/a>Die Strandpromenade nahe der Innenstadt<\/p>\n<p><b>Februar<\/b><\/p>\n<ul>\n<li>Langsame Haushaltsaufl\u00f6sung und abwerfen von Ballast<\/li>\n<li>Ich behalte nur wenige pers\u00f6nliche Dinge und trenne mich von den meisten Sachen<\/li>\n<li>Es wird klar, das ich f\u00fcr l\u00e4nger nach Sri Lanka gehen werde<\/li>\n<\/ul>\n<p><a href=\"https:\/\/www.rohkostinsel.de\/wp-content\/uploads\/2015\/12\/BEN_080413_001401.jpg\" rel=\"attachment wp-att-2926\"><img decoding=\"async\" loading=\"lazy\" class=\"alignnone size-medium wp-image-2926\" src=\"https:\/\/www.rohkostinsel.de\/wp-content\/uploads\/2015\/12\/BEN_080413_001401.jpg\" alt=\"BEN_080413_001401\" width=\"500\" height=\"335\"><br \/>\n<\/a>Eckernf\u00f6rder Hafen<\/p>\n<p><a href=\"https:\/\/www.rohkostinsel.de\/wp-content\/uploads\/2015\/12\/BEN_080405_000461_original.jpg\" rel=\"attachment wp-att-2925\"><img decoding=\"async\" loading=\"lazy\" class=\"alignnone size-medium wp-image-2925\" src=\"https:\/\/www.rohkostinsel.de\/wp-content\/uploads\/2015\/12\/BEN_080405_000461_original.jpg\" alt=\"BEN_080405_000461_original\" width=\"335\" height=\"500\"><br \/>\n<\/a>Blick aus dem B\u00fcrofenster im alten Speicher<\/p>\n<p><b>M\u00e4rz<\/b><\/p>\n<ul>\n<li>Entscheidung sofort nach Sri Lanka aufzubrechen&nbsp;und in Zukunft nach M\u00f6glichkeit von dort aus zu Arbeiten<\/li>\n<li>Letzte Vorbereitungen f\u00fcr einen l\u00e4ngeren Aufenthalt in Sri Lanka<\/li>\n<li>Der Flug wird online gebucht : Last-Minute und One-Way f\u00fcr 199\u20ac<\/li>\n<\/ul>\n<p><a href=\"https:\/\/www.rohkostinsel.de\/wp-content\/uploads\/2015\/12\/BEN_080330_000116.jpg\" rel=\"attachment wp-att-2924\"><img decoding=\"async\" loading=\"lazy\" class=\"alignnone size-medium wp-image-2924\" src=\"https:\/\/www.rohkostinsel.de\/wp-content\/uploads\/2015\/12\/BEN_080330_000116.jpg\" alt=\"BEN_080330_000116\" width=\"500\" height=\"335\"><br \/>\n<\/a>Die letzten Arbeitstage im B\u00fcro<\/p>\n<p><b>April<\/b><\/p>\n<ul>\n<li>27. April &#8211; Ankunft in Sri Lanka<\/li>\n<li>Wir entscheiden uns in der am d\u00fcnnsten besiedelten Region ein Grundst\u00fcck zu&nbsp;kaufen<\/li>\n<li>Wir nutzen die Statistiken zu den einzelnen Bezirken und entscheiden uns f\u00fcr das Bergland bei Matale<\/li>\n<li>Wohnungssuche direkt in Matale<\/li>\n<\/ul>\n<p><img decoding=\"async\" loading=\"lazy\" class=\"alignnone size-medium wp-image-2929\" src=\"https:\/\/www.rohkostinsel.de\/wp-content\/uploads\/2015\/12\/BEN_080508_001770.jpg\" alt=\"BEN_080508_001770\" width=\"500\" height=\"335\"><br \/>\nAnusha&nbsp;freut sich mich fr\u00fchzeitig wiederzusehen<\/p>\n<p><img decoding=\"async\" loading=\"lazy\" class=\"alignnone size-medium wp-image-2942\" src=\"https:\/\/www.rohkostinsel.de\/wp-content\/uploads\/2015\/12\/BEN_080831_006227.jpg\" alt=\"BEN_080831_006227\" width=\"335\" height=\"500\"><br \/>\nUnsere Wohnung in Matale mit Spinat auf dem Balkon<\/p>\n<p><b>Mai<\/b><\/p>\n<ul>\n<li>Eine passende Wohnung ist gefunden und kann ab dem 15. Mai angemietet werden<\/li>\n<li>14. Mai &#8211; Standesamtliche Heirat in Sri Lanka und anschlie\u00dfender Honeymoon<\/li>\n<li>17. Mai &#8211; Umzug nach Matale (unsere erste gemeinsame Wohnung)<\/li>\n<li>Das Leben im Bergland beginnt<\/li>\n<\/ul>\n<p><a href=\"https:\/\/www.rohkostinsel.de\/wp-content\/uploads\/2015\/12\/anusha_bene_wedding_05.jpg\" rel=\"attachment wp-att-2923\"><img decoding=\"async\" loading=\"lazy\" class=\"alignnone size-full wp-image-2923\" src=\"https:\/\/www.rohkostinsel.de\/wp-content\/uploads\/2015\/12\/anusha_bene_wedding_05.jpg\" alt=\"anusha_bene_wedding_05\" width=\"500\" height=\"309\"><br \/>\n<\/a>Kurz vor der Trauung bei Anusha Zuhause<\/p>\n<p><a href=\"https:\/\/www.rohkostinsel.de\/wp-content\/uploads\/2015\/12\/anusha_bene_wedding_01_r.jpg\" rel=\"attachment wp-att-2921\"><img decoding=\"async\" loading=\"lazy\" class=\"alignnone size-medium wp-image-2921\" src=\"https:\/\/www.rohkostinsel.de\/wp-content\/uploads\/2015\/12\/anusha_bene_wedding_01_r.jpg\" alt=\"anusha_bene_wedding_01_r\" width=\"500\" height=\"335\"><br \/>\n<\/a>Auf dem Weg zum Hotel nochmal kurz das offizielle Foto \ud83d\ude09<\/p>\n<p><a href=\"https:\/\/www.rohkostinsel.de\/wp-content\/uploads\/2015\/12\/anusha_bene_wedding_02.jpg\" rel=\"attachment wp-att-2922\"><img decoding=\"async\" loading=\"lazy\" class=\"alignnone size-medium wp-image-2922\" src=\"https:\/\/www.rohkostinsel.de\/wp-content\/uploads\/2015\/12\/anusha_bene_wedding_02.jpg\" alt=\"anusha_bene_wedding_02\" width=\"500\" height=\"273\"><\/a><br \/>\nHoneymoon &#8211; Hotel in Anuradhapura<\/p>\n<p lang=\"en-GB\"><b>Juni<\/b><\/p>\n<ul>\n<li><span lang=\"en-GB\">Erste l\u00e4ngere gemeinsame Ausfl\u00fcge<\/span><\/li>\n<li><span lang=\"en-GB\">Anusha genie\u00dft die Freiheit und erf\u00fcllt sich einige Tr\u00e4ume<\/span><\/li>\n<li>Wir erkunden die Gegend und machen&nbsp;au\u00dferdem wichtige&nbsp;Familienbesuche<\/li>\n<li>Anusha macht erste Erfahrungen mit Rohkost und erlebt starke Entgiftungen<\/li>\n<\/ul>\n<p><a href=\"https:\/\/www.rohkostinsel.de\/wp-content\/uploads\/2015\/12\/BEN_080701_003651_original.jpg\" rel=\"attachment wp-att-2933\"><img decoding=\"async\" loading=\"lazy\" class=\"alignnone size-medium wp-image-2933\" src=\"https:\/\/www.rohkostinsel.de\/wp-content\/uploads\/2015\/12\/BEN_080701_003651_original.jpg\" alt=\"BEN_080701_003651_original\" width=\"500\" height=\"335\"><\/a><br \/>\nManame Stagedrama at Matale<\/p>\n<p><a href=\"https:\/\/www.rohkostinsel.de\/wp-content\/uploads\/2015\/12\/BEN_080609_002595.jpg\" rel=\"attachment wp-att-2932\"><img decoding=\"async\" loading=\"lazy\" class=\"alignnone size-medium wp-image-2932\" src=\"https:\/\/www.rohkostinsel.de\/wp-content\/uploads\/2015\/12\/BEN_080609_002595.jpg\" alt=\"BEN_080609_002595\" width=\"335\" height=\"500\"><\/a><br \/>\nDas erste Mal im Zug nach Kandy<\/p>\n<p><a href=\"https:\/\/www.rohkostinsel.de\/wp-content\/uploads\/2015\/12\/BEN_080603_002274.jpg\" rel=\"attachment wp-att-2930\"><img decoding=\"async\" loading=\"lazy\" class=\"alignnone size-medium wp-image-2930\" src=\"https:\/\/www.rohkostinsel.de\/wp-content\/uploads\/2015\/12\/BEN_080603_002274.jpg\" alt=\"BEN_080603_002274\" width=\"500\" height=\"335\"><br \/>\n<\/a>Mount Lavinia Beach, Colombo<\/p>\n<p><b>Juli<\/b><\/p>\n<ul>\n<li>Die Grundst\u00fcckssuche beginnt und Anusha besichtigt einige passende Grundst\u00fccke<br \/>\nIch muss mich im Hintergrund halten, da sonst der Preis schnell ansteigen w\u00fcrde<\/li>\n<li>Es ist schwierig ein g\u00fcnstiges Grundst\u00fcck zu finden, denn die meisten Grundst\u00fccke sind nur Baul\u00fccken<\/li>\n<li>Langsam wird deutlich das wir die Situation falsch eingesch\u00e4tzt haben<\/li>\n<\/ul>\n<p><a href=\"https:\/\/www.rohkostinsel.de\/wp-content\/uploads\/2015\/12\/BEN_081012_006832.jpg\" rel=\"attachment wp-att-2949\"><img decoding=\"async\" loading=\"lazy\" class=\"alignnone size-medium wp-image-2949\" src=\"https:\/\/www.rohkostinsel.de\/wp-content\/uploads\/2015\/12\/BEN_081012_006832.jpg\" alt=\"BEN_081012_006832\" width=\"500\" height=\"335\"><\/a><br \/>\nSo werden Kokosn\u00fcsse fachm\u00e4nnisch&nbsp;transportiert&#8230;<\/p>\n<p>&nbsp;<\/p>\n<p><a href=\"https:\/\/www.rohkostinsel.de\/wp-content\/uploads\/2015\/12\/BEN_080808_005792.jpg\" rel=\"attachment wp-att-2941\"><img decoding=\"async\" loading=\"lazy\" class=\"alignnone size-medium wp-image-2941\" src=\"https:\/\/www.rohkostinsel.de\/wp-content\/uploads\/2015\/12\/BEN_080808_005792.jpg\" alt=\"BEN_080808_005792\" width=\"500\" height=\"335\"><\/a><br \/>\nTeeplantage auf dem Weg zum&nbsp;Andanwala&nbsp;Wasserfall<\/p>\n<p><a href=\"https:\/\/www.rohkostinsel.de\/wp-content\/uploads\/2015\/12\/BEN_080808_005745.jpg\" rel=\"attachment wp-att-2940\"><img decoding=\"async\" loading=\"lazy\" class=\"alignnone size-medium wp-image-2940\" src=\"https:\/\/www.rohkostinsel.de\/wp-content\/uploads\/2015\/12\/BEN_080808_005745.jpg\" alt=\"BEN_080808_005745\" width=\"500\" height=\"335\"><\/a><br \/>\nWir entdecken einen gr\u00f6\u00dferen&nbsp;Pool flussaufw\u00e4rts&#8230;<\/p>\n<p>&nbsp;<\/p>\n<p><b>August<\/b><\/p>\n<ul>\n<li><span lang=\"en-GB\">Wir besuchen einige Wasserf\u00e4lle und reisen immer weiter weg von unserem eigentlichen Zielgebiet<\/span><\/li>\n<li><span lang=\"en-GB\">Schnell stellen wir fest, das es sich bei der d\u00fcnn besiedelten Gegend um eine h\u00f6her gelegene Bergregion handelt und dort der Anbau von Obst und Gem\u00fcse nicht so m\u00f6glich ist, wie gedacht. Die fruchtbaren Gebiete in den T\u00e4lern sind hingegen sehr dicht besiedelt.<\/span><\/li>\n<li>Ende August wird es Zeit f\u00fcr mein neues Visum<br \/>\nIch erhalte zum ersten Mal eine Daueraufenthaltsgenehmigung als &#8222;Spouse of Sri Lankan&#8220;<\/li>\n<\/ul>\n<p><a href=\"https:\/\/www.rohkostinsel.de\/wp-content\/uploads\/2015\/12\/BEN_080606_002388.jpg\" rel=\"attachment wp-att-2931\"><img decoding=\"async\" loading=\"lazy\" class=\"alignnone size-medium wp-image-2931\" src=\"https:\/\/www.rohkostinsel.de\/wp-content\/uploads\/2015\/12\/BEN_080606_002388.jpg\" alt=\"BEN_080606_002388\" width=\"335\" height=\"500\"><br \/>\n<\/a>Ausflug nach Riverston, Knuckles Mountain Range<\/p>\n<p><a href=\"https:\/\/www.rohkostinsel.de\/wp-content\/uploads\/2015\/12\/BEN_080808_005654.jpg\" rel=\"attachment wp-att-2939\"><img decoding=\"async\" loading=\"lazy\" class=\"alignnone size-medium wp-image-2939\" src=\"https:\/\/www.rohkostinsel.de\/wp-content\/uploads\/2015\/12\/BEN_080808_005654.jpg\" alt=\"BEN_080808_005654\" width=\"500\" height=\"335\"><br \/>\n<\/a>Wir entdecken den Halkandura&nbsp;Wasserfall und die Umgebung<\/p>\n<p><a href=\"https:\/\/www.rohkostinsel.de\/wp-content\/uploads\/2015\/12\/BEN_080808_005527.jpg\" rel=\"attachment wp-att-2938\"><img decoding=\"async\" loading=\"lazy\" class=\"alignnone size-medium wp-image-2938\" src=\"https:\/\/www.rohkostinsel.de\/wp-content\/uploads\/2015\/12\/BEN_080808_005527.jpg\" alt=\"BEN_080808_005527\" width=\"335\" height=\"500\"><br \/>\n<\/a>Ein bedrohlicher Felsen in der N\u00e4he<\/p>\n<p><a href=\"https:\/\/www.rohkostinsel.de\/wp-content\/uploads\/2015\/12\/BEN_080807_005412.jpg\" rel=\"attachment wp-att-2937\"><img decoding=\"async\" loading=\"lazy\" class=\"alignnone size-medium wp-image-2937\" src=\"https:\/\/www.rohkostinsel.de\/wp-content\/uploads\/2015\/12\/BEN_080807_005412.jpg\" alt=\"BEN_080807_005412\" width=\"335\" height=\"500\"><br \/>\n<\/a>Die meiste Zeit verbringen wir im&nbsp;Dschungel<\/p>\n<p><a href=\"https:\/\/www.rohkostinsel.de\/wp-content\/uploads\/2015\/12\/BEN_080807_005299.jpg\" rel=\"attachment wp-att-2936\"><img decoding=\"async\" loading=\"lazy\" class=\"alignnone size-medium wp-image-2936\" src=\"https:\/\/www.rohkostinsel.de\/wp-content\/uploads\/2015\/12\/BEN_080807_005299.jpg\" alt=\"BEN_080807_005299\" width=\"500\" height=\"335\"><\/a><br \/>\nPicknick&nbsp;am Wasserfall<\/p>\n<p><a href=\"https:\/\/www.rohkostinsel.de\/wp-content\/uploads\/2015\/12\/BEN_080726_004518.jpg\" rel=\"attachment wp-att-2935\"><img decoding=\"async\" loading=\"lazy\" class=\"alignnone size-medium wp-image-2935\" src=\"https:\/\/www.rohkostinsel.de\/wp-content\/uploads\/2015\/12\/BEN_080726_004518.jpg\" alt=\"BEN_080726_004518\" width=\"335\" height=\"500\"><\/a><br \/>\nNahe der Watagoda Wasserf\u00e4lle<\/p>\n<p><a href=\"https:\/\/www.rohkostinsel.de\/wp-content\/uploads\/2015\/12\/BEN_080726_004422.jpg\" rel=\"attachment wp-att-2934\"><img decoding=\"async\" loading=\"lazy\" class=\"alignnone size-medium wp-image-2934\" src=\"https:\/\/www.rohkostinsel.de\/wp-content\/uploads\/2015\/12\/BEN_080726_004422.jpg\" alt=\"BEN_080726_004422\" width=\"500\" height=\"335\"><\/a><br \/>\nAuf dem Weg zum Kurunduwala Wasserfall<\/p>\n<p lang=\"en-GB\"><b>September<\/b><\/p>\n<ul>\n<li>Wir besuchen weitere Wasserf\u00e4lle und lieben unsere gemeinsamen Ausfl\u00fcge in die Natur<\/li>\n<li>Anusha i\u00dft immer mehr Rohkost und ihr Asthma wird schlagartig besser<\/li>\n<li>Die&nbsp;Grundst\u00fcckssuche geht nat\u00fcrlich weiter<\/li>\n<li>Wir bekommen den Tipp uns in Monaragala umzuschauen.<\/li>\n<\/ul>\n<p><a href=\"https:\/\/www.rohkostinsel.de\/wp-content\/uploads\/2015\/12\/BEN_081011_006793.jpg\" rel=\"attachment wp-att-2948\"><img decoding=\"async\" loading=\"lazy\" class=\"alignnone size-medium wp-image-2948\" src=\"https:\/\/www.rohkostinsel.de\/wp-content\/uploads\/2015\/12\/BEN_081011_006793.jpg\" alt=\"BEN_081011_006793\" width=\"500\" height=\"335\"><\/a><br \/>\nAbgelegener Opalgala Wasserfall in der Trockenzeit<\/p>\n<p><a href=\"https:\/\/www.rohkostinsel.de\/wp-content\/uploads\/2015\/12\/BEN_081011_006761.jpg\" rel=\"attachment wp-att-2947\"><img decoding=\"async\" loading=\"lazy\" class=\"alignnone size-medium wp-image-2947\" src=\"https:\/\/www.rohkostinsel.de\/wp-content\/uploads\/2015\/12\/BEN_081011_006761.jpg\" alt=\"BEN_081011_006761\" width=\"500\" height=\"335\"><\/a><br \/>\nWir genie\u00dfen die Natur in vollen Z\u00fcgen<\/p>\n<p><b>Oktober<\/b><\/p>\n<ul>\n<li><span lang=\"en-GB\">02. Oktober &#8211; Zugreise nach Badulla und Weiterfahrt nach Monaragala<\/span><\/li>\n<li>04. Oktober &#8211; Monaragala G-lon Bergbesteigung und der Wunsch ein Grundst\u00fcck in der N\u00e4he zu finden.&nbsp;Entscheidung f\u00fcr Monaragala. Wir haben uns verliebt in diese Gegend!<\/li>\n<li>Die Grundst\u00fcckssuche vor Ort: Anusha reist mit ihrem Bruder nach Monaragala und findet zun\u00e4chst ein kleines Haus&nbsp;f\u00fcr uns. Von dort ist es leichter auf die Grundst\u00fcckssuche zu gehen.<\/li>\n<\/ul>\n<p><a href=\"https:\/\/www.rohkostinsel.de\/wp-content\/uploads\/2015\/12\/BEN_081002_006538.jpg\" rel=\"attachment wp-att-2943\"><img decoding=\"async\" loading=\"lazy\" class=\"alignnone size-medium wp-image-2943\" src=\"https:\/\/www.rohkostinsel.de\/wp-content\/uploads\/2015\/12\/BEN_081002_006538.jpg\" alt=\"BEN_081002_006538\" width=\"500\" height=\"335\"><\/a><br \/>\nBahnhof in Kandy<\/p>\n<p><a href=\"https:\/\/www.rohkostinsel.de\/wp-content\/uploads\/2015\/12\/BEN_081002_006556.jpg\" rel=\"attachment wp-att-2944\"><img decoding=\"async\" loading=\"lazy\" class=\"alignnone size-medium wp-image-2944\" src=\"https:\/\/www.rohkostinsel.de\/wp-content\/uploads\/2015\/12\/BEN_081002_006556.jpg\" alt=\"BEN_081002_006556\" width=\"335\" height=\"500\"><\/a><br \/>\nZugfahrt nach Badulla<\/p>\n<p><a href=\"https:\/\/www.rohkostinsel.de\/wp-content\/uploads\/2015\/12\/BEN_081002_006562.jpg\" rel=\"attachment wp-att-2945\"><img decoding=\"async\" loading=\"lazy\" class=\"alignnone size-medium wp-image-2945\" src=\"https:\/\/www.rohkostinsel.de\/wp-content\/uploads\/2015\/12\/BEN_081002_006562.jpg\" alt=\"BEN_081002_006562\" width=\"500\" height=\"335\"><\/a><br \/>\nMit dem Bus geht es weiter nach Monaragala &#8211; zum ersten Mal!<\/p>\n<p><img decoding=\"async\" loading=\"lazy\" class=\"alignnone size-medium wp-image-2946\" src=\"https:\/\/www.rohkostinsel.de\/wp-content\/uploads\/2015\/12\/BEN_081004_006690.jpg\" alt=\"BEN_081004_006690\" width=\"500\" height=\"335\"><br \/>\nWir besteigen den Berg bei Monaragala und verlieben uns in die Gegend<\/p>\n<p><b>November<\/b><\/p>\n<ul>\n<li>04. November &#8211; Wir mieten ein kleines Haus (2 Zimmer) in&nbsp;Monaragala<\/li>\n<li>Kamal und Anusha besichtigen mehrere Grundst\u00fccke, w\u00e4hrend ich in Matale bleibe.<\/li>\n<\/ul>\n<p><a href=\"https:\/\/www.rohkostinsel.de\/wp-content\/uploads\/2015\/12\/BEN_081205_007310.jpg\" rel=\"attachment wp-att-2954\"><img decoding=\"async\" loading=\"lazy\" class=\"alignnone size-medium wp-image-2954\" src=\"https:\/\/www.rohkostinsel.de\/wp-content\/uploads\/2015\/12\/BEN_081205_007310.jpg\" alt=\"BEN_081205_007310\" width=\"500\" height=\"335\"><\/a><br \/>\nArugam Bay, Fischerboote<\/p>\n<p><a href=\"https:\/\/www.rohkostinsel.de\/wp-content\/uploads\/2015\/12\/BEN_081205_007304.jpg\" rel=\"attachment wp-att-2953\"><img decoding=\"async\" loading=\"lazy\" class=\"alignnone size-medium wp-image-2953\" src=\"https:\/\/www.rohkostinsel.de\/wp-content\/uploads\/2015\/12\/BEN_081205_007304.jpg\" alt=\"BEN_081205_007304\" width=\"500\" height=\"335\"><br \/>\n<\/a>Wir bevorzugen den weniger besuchten Strandabschnitt hinter den letzten Hotels<\/p>\n<p><a href=\"https:\/\/www.rohkostinsel.de\/wp-content\/uploads\/2015\/12\/BEN_081205_007291.jpg\" rel=\"attachment wp-att-2952\"><img decoding=\"async\" loading=\"lazy\" class=\"alignnone size-medium wp-image-2952\" src=\"https:\/\/www.rohkostinsel.de\/wp-content\/uploads\/2015\/12\/BEN_081205_007291.jpg\" alt=\"BEN_081205_007291\" width=\"500\" height=\"335\"><\/a><br \/>\nEin hohler Baumstamm fasziniert uns<\/p>\n<p><a href=\"https:\/\/www.rohkostinsel.de\/wp-content\/uploads\/2015\/12\/BEN_081205_007241.jpg\" rel=\"attachment wp-att-2951\"><img decoding=\"async\" loading=\"lazy\" class=\"alignnone size-medium wp-image-2951\" src=\"https:\/\/www.rohkostinsel.de\/wp-content\/uploads\/2015\/12\/BEN_081205_007241.jpg\" alt=\"BEN_081205_007241\" width=\"500\" height=\"335\"><\/a><br \/>\nAnusha genie\u00dft das Meer<\/p>\n<p><a href=\"https:\/\/www.rohkostinsel.de\/wp-content\/uploads\/2015\/12\/BEN_081205_007178.jpg\" rel=\"attachment wp-att-2950\"><img decoding=\"async\" loading=\"lazy\" class=\"alignnone size-medium wp-image-2950\" src=\"https:\/\/www.rohkostinsel.de\/wp-content\/uploads\/2015\/12\/BEN_081205_007178.jpg\" alt=\"BEN_081205_007178\" width=\"335\" height=\"500\"><br \/>\n<\/a>Freudenspr\u00fcnge<\/p>\n<p><b>Dezember<\/b><\/p>\n<ul>\n<li>05. Dezember &#8211; Pottuvil, Arugam Bay &#8211; Wir besuchen zum ersten Mal gemeinsam die Ostk\u00fcste<\/li>\n<li>06.&nbsp;Dezember&nbsp;Miyanawatta &#8211; Grundst\u00fccksbesichtigung<\/li>\n<li>Kompletter Umzug nach Monaragala<\/li>\n<li>Intensive Grundst\u00fcckssuche und Entscheidung f\u00fcr Miyanawatta<\/li>\n<li>15. Dezember &#8211; Wir beginnen bereits Gras zu schneiden mit der Machete und das Grundst\u00fcck n\u00e4her zu erkunden<\/li>\n<li>22. Dezember &#8211; Kauf des Grundst\u00fccks in Miyanawatta<\/li>\n<\/ul>\n<p><a href=\"https:\/\/www.rohkostinsel.de\/wp-content\/uploads\/2015\/12\/BEN_081215_007834.jpg\" rel=\"attachment wp-att-2958\"><img decoding=\"async\" loading=\"lazy\" class=\"alignnone size-medium wp-image-2958\" src=\"https:\/\/www.rohkostinsel.de\/wp-content\/uploads\/2015\/12\/BEN_081215_007834.jpg\" alt=\"BEN_081215_007834\" width=\"500\" height=\"335\"><\/a><br \/>\nBlick auf den Nachbarh\u00fcgel<\/p>\n<p><a href=\"https:\/\/www.rohkostinsel.de\/wp-content\/uploads\/2015\/12\/BEN_081215_007963.jpg\" rel=\"attachment wp-att-2960\"><img decoding=\"async\" loading=\"lazy\" class=\"alignnone size-full wp-image-2960\" src=\"https:\/\/www.rohkostinsel.de\/wp-content\/uploads\/2015\/12\/BEN_081215_007963.jpg\" alt=\"BEN_081215_007963\" width=\"500\" height=\"335\"><\/a><br \/>\nDer Nachbarh\u00fcgel<\/p>\n<p><a href=\"https:\/\/www.rohkostinsel.de\/wp-content\/uploads\/2015\/12\/BEN_081215_007896.jpg\" rel=\"attachment wp-att-2959\"><img decoding=\"async\" loading=\"lazy\" class=\"alignnone size-medium wp-image-2959\" src=\"https:\/\/www.rohkostinsel.de\/wp-content\/uploads\/2015\/12\/BEN_081215_007896.jpg\" alt=\"BEN_081215_007896\" width=\"335\" height=\"500\"><\/a><br \/>\nDer Weg runter zum Fluss<\/p>\n<p><a href=\"https:\/\/www.rohkostinsel.de\/wp-content\/uploads\/2015\/12\/BEN_081215_007818.jpg\" rel=\"attachment wp-att-2957\"><img decoding=\"async\" loading=\"lazy\" class=\"alignnone size-medium wp-image-2957\" src=\"https:\/\/www.rohkostinsel.de\/wp-content\/uploads\/2015\/12\/BEN_081215_007818.jpg\" alt=\"BEN_081215_007818\" width=\"500\" height=\"335\"><\/a><br \/>\nAnreise mit dem Moped &#8211; im Hintergrund der Dorfberg<\/p>\n<p><a href=\"https:\/\/www.rohkostinsel.de\/wp-content\/uploads\/2015\/12\/BEN_081206_007516.jpg\" rel=\"attachment wp-att-2956\"><img decoding=\"async\" loading=\"lazy\" class=\"alignnone size-medium wp-image-2956\" src=\"https:\/\/www.rohkostinsel.de\/wp-content\/uploads\/2015\/12\/BEN_081206_007516.jpg\" alt=\"BEN_081206_007516\" width=\"335\" height=\"500\"><\/a><br \/>\nDer Fluss wild und ungez\u00e4hmt nahe der &#8222;Insel&#8220;<\/p>\n<p><a href=\"https:\/\/www.rohkostinsel.de\/wp-content\/uploads\/2015\/12\/BEN_081206_007456.jpg\" rel=\"attachment wp-att-2955\"><img decoding=\"async\" loading=\"lazy\" class=\"alignnone size-medium wp-image-2955\" src=\"https:\/\/www.rohkostinsel.de\/wp-content\/uploads\/2015\/12\/BEN_081206_007456.jpg\" alt=\"BEN_081206_007456\" width=\"335\" height=\"500\"><\/a><br \/>\nUnten am Fluss, dort wo sp\u00e4ter das Baumhaus gebaut wird<\/p>\n","protected":false},"excerpt":{"rendered":"<p>Vorgeschichte Der 24.&nbsp;M\u00e4rz&nbsp;2005 ist der wohl wichtigste Tag in meinem Leben. An diesem Tag habe ich Anusha zum ersten Mal getroffen \ud83d\ude09 Das Lustige ist, das ich noch einen Tagebucheintrag genau von diesem Tag habe und das Datum mir deshalb gut in Erinnerung geblieben ist. In den darauf folgenden drei Jahren lernten wir uns langsam &hellip; <\/p>\n<p class=\"link-more\"><a href=\"https:\/\/www.rohkostinsel.de\/?page_id=2688\" class=\"more-link\"><span class=\"screen-reader-text\">\u201eJahresr\u00fcckblick 2008\u201c<\/span> weiterlesen<\/a><\/p>\n","protected":false},"author":1,"featured_media":0,"parent":0,"menu_order":0,"comment_status":"closed","ping_status":"closed","template":"","meta":[],"_links":{"self":[{"href":"https:\/\/www.rohkostinsel.de\/index.php?rest_route=\/wp\/v2\/pages\/2688"}],"collection":[{"href":"https:\/\/www.rohkostinsel.de\/index.php?rest_route=\/wp\/v2\/pages"}],"about":[{"href":"https:\/\/www.rohkostinsel.de\/index.php?rest_route=\/wp\/v2\/types\/page"}],"author":[{"embeddable":true,"href":"https:\/\/www.rohkostinsel.de\/index.php?rest_route=\/wp\/v2\/users\/1"}],"replies":[{"embeddable":true,"href":"https:\/\/www.rohkostinsel.de\/index.php?rest_route=%2Fwp%2Fv2%2Fcomments&post=2688"}],"version-history":[{"count":13,"href":"https:\/\/www.rohkostinsel.de\/index.php?rest_route=\/wp\/v2\/pages\/2688\/revisions"}],"predecessor-version":[{"id":3549,"href":"https:\/\/www.rohkostinsel.de\/index.php?rest_route=\/wp\/v2\/pages\/2688\/revisions\/3549"}],"wp:attachment":[{"href":"https:\/\/www.rohkostinsel.de\/index.php?rest_route=%2Fwp%2Fv2%2Fmedia&parent=2688"}],"curies":[{"name":"wp","href":"https:\/\/api.w.org\/{rel}","templated":true}]}}