{"id":2700,"date":"2015-12-18T12:15:26","date_gmt":"2015-12-18T12:15:26","guid":{"rendered":"https:\/\/www.rohkostinsel.de\/?page_id=2700"},"modified":"2016-01-02T02:36:33","modified_gmt":"2016-01-02T02:36:33","slug":"2011-2","status":"publish","type":"page","link":"https:\/\/www.rohkostinsel.de\/?page_id=2700","title":{"rendered":"Jahresr\u00fcckblick 2011"},"content":{"rendered":"<p><strong>Zusammenfassung<br \/>\n<\/strong>Neben einiger Aufregung um unser Grundst\u00fcck und Probleme mit &#8222;Wildfeuern&#8220; &amp; illegalem Holzeinschlag, hatten wir haupts\u00e4chlich damit zu tun unsere Fr\u00fcchte zu ernten und zu verkaufen. Gegen Ende des Jahres haben wir dann begonnen unser Haus zu renovieren bzw. mit best\u00e4ndigeren Materialien\u00a0zu erneuern. Palmbl\u00e4tter halten ja leider nur ein bis zwei Jahre. Wir hatten uns zum Ziel gesetzt zun\u00e4chst die W\u00e4nde zu erh\u00f6hen, einen haltbaren Dachstuhl aus gutem Holz aufzusetzen und dann mit einem Metalldach zu Decken. Von Innen sollte es eine Holzverkleidung werden. Ziegel kamen nicht in Frage wegen der Affen, die gerne daran r\u00fctteln und diese verschieben oder sogar runterwerfen \ud83d\ude09 Wir wollten einen sicheren Raum schaffen, der dauerhaft insbesondere dem Tropenregen standhalten w\u00fcrde. Denn st\u00e4ndig neue sichere Orte f\u00fcr den Laptop und die Kamera\u00a0zu finden kann\u00a0auf Dauer ziemlich stressig sein.<br \/>\nAu\u00dferdem wollten wir unsere Wasserversorgung mit einem eigenen Brunnen sicherstellen und dachten wir k\u00f6nnten auch das noch in dieser Trockenzeit schaffen.<br \/>\nDie Arbeiten am Haus wurden aufwendiger als gedacht, da wir einfach mal anfingen, dann aber immer mehr Kleinigkeiten dazu kamen. Schlie\u00dflich wollten wir es auch ordentlich machen diesmal. Der Mehraufwand lohnte sich am Ende aber doch und das Ergebnis kann sich sehen lassen.<\/p>\n<p><strong>Das Jahr im \u00dcberblick<\/strong><\/p>\n<p><b>Januar<\/b><\/p>\n<ul>\n<li>Probleme mit neuen &#8222;Siedlern&#8220;, die auf dem Nachbarh\u00fcgel Land besetzten und dort kleine H\u00fctten bauen, brand roden und Gummiplantagen anlegen wollen. Der Fluss wird nat\u00fcrlich auch genutzt und einige B\u00e4ume werden gef\u00e4llt.<\/li>\n<\/ul>\n<p><b>Februar<\/b><\/p>\n<ul>\n<li>Ananas und Bananenableger werden gepflanzt<\/li>\n<\/ul>\n<p><a href=\"https:\/\/www.rohkostinsel.de\/wp-content\/uploads\/2015\/12\/money_new.jpg\" rel=\"attachment wp-att-3176\"><img decoding=\"async\" loading=\"lazy\" class=\"alignnone size-medium wp-image-3176\" src=\"https:\/\/www.rohkostinsel.de\/wp-content\/uploads\/2015\/12\/money_new.jpg\" alt=\"money_new\" width=\"365\" height=\"500\" \/><\/a><br \/>\nDie neuen Geldscheine (keine 10er mehr daf\u00fcr jetzt zum ersten Mal 5000er)<\/p>\n<p><a href=\"https:\/\/www.rohkostinsel.de\/wp-content\/uploads\/2015\/12\/money_old.jpg\" rel=\"attachment wp-att-3177\"><img decoding=\"async\" loading=\"lazy\" class=\"alignnone size-medium wp-image-3177\" src=\"https:\/\/www.rohkostinsel.de\/wp-content\/uploads\/2015\/12\/money_old.jpg\" alt=\"money_old\" width=\"293\" height=\"500\" \/><\/a><br \/>\nDie alten Scheine sind auch noch im Umlauf<\/p>\n<p><b>Mai<\/b><\/p>\n<ul>\n<li>Fertigstellung des Abstellraums f\u00fcr Ger\u00e4te und Werkzeuge unter dem Dach der sonst offenen Garage<\/li>\n<\/ul>\n<p><b>Juni<\/b><\/p>\n<ul>\n<li>Die Ums\u00e4tze steigen steil an und der Laden l\u00e4uft gut.<\/li>\n<\/ul>\n<p><b>August<\/b><\/p>\n<ul>\n<li>Ein gr\u00f6\u00dferer Brunnen wird im neuen Grundst\u00fcck ausgehoben (5m Durchmesser)<\/li>\n<\/ul>\n<p><a href=\"https:\/\/www.rohkostinsel.de\/wp-content\/uploads\/2015\/12\/neuessatfoto1.jpg\" rel=\"attachment wp-att-3178\"><img decoding=\"async\" loading=\"lazy\" class=\"alignnone size-medium wp-image-3178\" src=\"https:\/\/www.rohkostinsel.de\/wp-content\/uploads\/2015\/12\/neuessatfoto1.jpg\" alt=\"neuessatfoto1\" width=\"500\" height=\"430\" \/><\/a><br \/>\nWir haben inzwischen unsere Grundst\u00fccksfl\u00e4che\u00a0fast verdoppelt<\/p>\n<p><b>September<\/b><\/p>\n<ul>\n<li>Arbeiten auf der Farm: J\u00e4ten, Gras schneiden, Arbeiten im Bananengarten<\/li>\n<\/ul>\n<p><a href=\"https:\/\/www.rohkostinsel.de\/wp-content\/uploads\/2015\/12\/491px-Rawana_Falls.jpg\" rel=\"attachment wp-att-3173\"><img decoding=\"async\" loading=\"lazy\" class=\"alignnone size-full wp-image-3173\" src=\"https:\/\/www.rohkostinsel.de\/wp-content\/uploads\/2015\/12\/491px-Rawana_Falls.jpg\" alt=\"491px-Rawana_Falls\" width=\"409\" height=\"500\" \/><\/a><br \/>\nRawana Wasserfall<\/p>\n<p><b>Oktober<\/b><\/p>\n<ul>\n<li>Die Umbauarbeiten am Haus beginnen langsam<\/li>\n<li>Der alte Lehmputz f\u00e4llt bereits\u00a0runter und wird entfernt<\/li>\n<\/ul>\n<p><b>November<\/b><\/p>\n<ul>\n<li>das alte Palmblattdach wird abgedeckt, da es die Regenzeit sowieso nicht \u00fcberstehen w\u00fcrde und \u00fcberf\u00e4llig ist.<\/li>\n<\/ul>\n<p><a href=\"https:\/\/www.rohkostinsel.de\/wp-content\/uploads\/2015\/12\/dachabriss.jpg\" rel=\"attachment wp-att-3174\"><img decoding=\"async\" loading=\"lazy\" class=\"alignnone size-medium wp-image-3174\" src=\"https:\/\/www.rohkostinsel.de\/wp-content\/uploads\/2015\/12\/dachabriss.jpg\" alt=\"dachabriss\" width=\"500\" height=\"375\" \/><\/a><br \/>\nDer Lehmputz und das alte Dach kommen runter<\/p>\n<p><a href=\"https:\/\/www.rohkostinsel.de\/wp-content\/uploads\/2015\/12\/dachabriss2.jpg\" rel=\"attachment wp-att-3175\"><img decoding=\"async\" loading=\"lazy\" class=\"alignnone size-medium wp-image-3175\" src=\"https:\/\/www.rohkostinsel.de\/wp-content\/uploads\/2015\/12\/dachabriss2.jpg\" alt=\"dachabriss2\" width=\"500\" height=\"375\" \/><\/a><br \/>\nDas Dach ist inzwischen ziemlich lang &#8211; Abdecken dauert einen ganzen Tag<\/p>\n<p><b>Dezember<\/b><\/p>\n<ul>\n<li>Das Haupt-Dach wird vorl\u00e4ufig mit Wellblech gedeckt, um die Regenzeit zu \u00fcberbr\u00fccken<\/li>\n<li>Die W\u00e4nde werden erh\u00f6ht und ein ganzer Teakbaumstamm wird als St\u00fctzbalken f\u00fcr den geplanten Dachstuhl eingesetzt<\/li>\n<li>das Verkabeln und Verputzen der W\u00e4nde wird noch im Dezember abgeschlossen<\/li>\n<\/ul>\n<p><a href=\"https:\/\/www.rohkostinsel.de\/wp-content\/uploads\/2015\/12\/wallbefore.jpg\" rel=\"attachment wp-att-3179\"><img decoding=\"async\" loading=\"lazy\" class=\"alignnone size-medium wp-image-3179\" src=\"https:\/\/www.rohkostinsel.de\/wp-content\/uploads\/2015\/12\/wallbefore.jpg\" alt=\"wallbefore\" width=\"500\" height=\"375\" \/><br \/>\n<\/a>Unsere W\u00e4nde sind verkabelt und werden jetzt verputzt<\/p>\n","protected":false},"excerpt":{"rendered":"<p>Zusammenfassung Neben einiger Aufregung um unser Grundst\u00fcck und Probleme mit &#8222;Wildfeuern&#8220; &amp; illegalem Holzeinschlag, hatten wir haupts\u00e4chlich damit zu tun unsere Fr\u00fcchte zu ernten und zu verkaufen. Gegen Ende des Jahres haben wir dann begonnen unser Haus zu renovieren bzw. mit best\u00e4ndigeren Materialien\u00a0zu erneuern. Palmbl\u00e4tter halten ja leider nur ein bis zwei Jahre. Wir hatten &hellip; <\/p>\n<p class=\"link-more\"><a href=\"https:\/\/www.rohkostinsel.de\/?page_id=2700\" class=\"more-link\"><span class=\"screen-reader-text\">\u201eJahresr\u00fcckblick 2011\u201c<\/span> weiterlesen<\/a><\/p>\n","protected":false},"author":1,"featured_media":0,"parent":0,"menu_order":0,"comment_status":"closed","ping_status":"closed","template":"","meta":[],"_links":{"self":[{"href":"https:\/\/www.rohkostinsel.de\/index.php?rest_route=\/wp\/v2\/pages\/2700"}],"collection":[{"href":"https:\/\/www.rohkostinsel.de\/index.php?rest_route=\/wp\/v2\/pages"}],"about":[{"href":"https:\/\/www.rohkostinsel.de\/index.php?rest_route=\/wp\/v2\/types\/page"}],"author":[{"embeddable":true,"href":"https:\/\/www.rohkostinsel.de\/index.php?rest_route=\/wp\/v2\/users\/1"}],"replies":[{"embeddable":true,"href":"https:\/\/www.rohkostinsel.de\/index.php?rest_route=%2Fwp%2Fv2%2Fcomments&post=2700"}],"version-history":[{"count":11,"href":"https:\/\/www.rohkostinsel.de\/index.php?rest_route=\/wp\/v2\/pages\/2700\/revisions"}],"predecessor-version":[{"id":3181,"href":"https:\/\/www.rohkostinsel.de\/index.php?rest_route=\/wp\/v2\/pages\/2700\/revisions\/3181"}],"wp:attachment":[{"href":"https:\/\/www.rohkostinsel.de\/index.php?rest_route=%2Fwp%2Fv2%2Fmedia&parent=2700"}],"curies":[{"name":"wp","href":"https:\/\/api.w.org\/{rel}","templated":true}]}}