{"id":2705,"date":"2015-12-18T12:42:16","date_gmt":"2015-12-18T12:42:16","guid":{"rendered":"https:\/\/www.rohkostinsel.de\/?page_id=2705"},"modified":"2019-12-13T12:00:29","modified_gmt":"2019-12-13T12:00:29","slug":"2015-2","status":"publish","type":"page","link":"https:\/\/www.rohkostinsel.de\/?page_id=2705","title":{"rendered":"Jahresr\u00fcckblick 2015"},"content":{"rendered":"<p><b>Zusammenfassung<br \/>\n<\/b>Das neue Jahr beginnt in Deutschland und Anusha\u00a0baut ihren ersten Schneemann und besichtigt\u00a0ihr erstes Iglu. Nachdem sie nun meine ganze Familie kennengelernt hat besuchen wir gute Freunde in Hamburg und sind auch einige Zeit bei meinem Bruder. Zeitgleich beginnen die letzten Planungen f\u00fcr die Fruchtlawine und es gelingt uns das komplette Startkapital von \u00fcber 12.000\u20ac noch vor der Abreise einzusammeln.<br \/>\nIn Sri Lanka geht es dann richtig zur Sache. Zun\u00e4chst organisieren wir uns einen LKW. Dann wird da Baumhaus endlich mit einem sicheren Dach ausgestattet und ist jetzt erstmal wetterfest. W\u00e4hrend Anusha und Kamal bereits den Papierkram und unz\u00e4hlige Beh\u00f6rdeng\u00e4nge\u00a0f\u00fcr unser\u00a0Exportgesch\u00e4ft vorbereiten, besuchen die beiden parallel auch schon Bauern und begeben\u00a0sich gleichzeitig auf die Suche nach einer Packstation. Ich bin alleine auf der Farm und versuche hier alles soweit abzuschlie\u00dfen und &#8222;winterfest&#8220; zu machen, sodass wir demn\u00e4chst umziehen k\u00f6nnen.<br \/>\nDann geht alles ziemlich schnell. Nachdem wir ein passendes Haus angemietet haben, geht es nach Ragama in der N\u00e4he vom Flughafen. Dann bekommen wir bereits unser Verpackungsmaterial und im Mai geht die erste Testlieferung auf den Weg.<br \/>\nNun sind wir vollkommen mit der Fruchtlawine ausgelastet und liefern zun\u00e4chst jede zweite Woche. Die Zeit zwischen den Lieferungen ist voll ausgef\u00fcllt mit Besuchen bei den Bauern und es sind noch sehr viele Dinge am Rechner zu organisieren. Der Webshop wird programmiert und es geht viel Zeit in die Beantwortung von Emails und Werbung. Die Webseite wird st\u00e4ndig aktualisiert. Ab November liefern wir dann endlich w\u00f6chentlich. Nun wird es richtig stre\u00dfig und es bleibt kaum Zeit zum Atmen. Aber der Ablauf wird immer geregelter und wir sind langsam ein gut eingespieltes Team. Im Dezember haben wir noch immer Probleme die 600kg zu erreichen, da unser Sortiment ziemlich klein ist und wir k\u00e4mpfen jede Woche um die Mindestliefermenge von 400kg.<br \/>\nEnde des Jahres bereiten wir bereits die Webseite f\u00fcr unsere Selbstversorger-Gemeinschaft vor. Das Projekt soll 2016 starten und wir hoffen das die Fruchtlawine das\u00a0finanzielle\u00a0R\u00fcckrat f\u00fcr das Projekt werden wird.<\/p>\n<p><b>Das Jahr im \u00dcberblick<\/b><\/p>\n<p><strong>Januar<\/strong><\/p>\n<ul>\n<li>Wir verbringen die Zeit bei meinen Eltern in Deutschland<\/li>\n<li>Langsam geht es mir etwas besser<\/li>\n<\/ul>\n<p><strong>Februar<\/strong><\/p>\n<ul>\n<li>Ankunft in Hamburg bei meinem Bruder<\/li>\n<li>Besuch einiger guter Freunde in Hamburg und Umgebung<\/li>\n<li>Das Startkapital f\u00fcr die Fruchtlawine wird eingesammelt<\/li>\n<li>22.\/23.Februar &#8211; R\u00fcckflug nach Sri Lanka<\/li>\n<li>Ankunft in Negombo bei Anushas Tante<\/li>\n<li>Kurzer Besuch bei Anushas Eltern und<\/li>\n<li>dann organisieren wir uns den\u00a0LKW von Ajith, einem guten Freund von Kamal.<\/li>\n<\/ul>\n<p><strong> M\u00e4rz<\/strong><\/p>\n<ul>\n<li>Zun\u00e4chst braucht der LKW eine Plane<\/li>\n<li>Fahrt nach Monaragala<\/li>\n<li>Karin &amp; Robert besuchen uns und wir haben eine gute Zeit. Die beiden unterst\u00fczen uns wo sie nur k\u00f6nnen.<\/li>\n<li>Das Baumhaus bekommt ein neues Dach, was l\u00e4ngst \u00fcberf\u00e4llig war<\/li>\n<\/ul>\n<p><strong>April<\/strong><\/p>\n<ul>\n<li>Anusha registriert ihre Firma und erledigt den ganzen Papierkram, damit wir exportieren k\u00f6nnen<\/li>\n<li>Der LKW wird jetzt monatlich gemietet und leistet uns bereits Treue Dienste<\/li>\n<li>Anusha und Kamal sind st\u00e4ndig unterwegs und erledigen die Beh\u00f6rdeng\u00e4nge f\u00fcr unser Export-Gesch\u00e4ft<\/li>\n<li>Anusha und Kamal besuchen Bauern<\/li>\n<li>Au\u00dferdem suchen Sie nach einer passenden Packing Location<\/li>\n<\/ul>\n<p><strong>Mai<\/strong><\/p>\n<ul>\n<li>Wir entscheiden uns f\u00fcr das Haus in Ragama<\/li>\n<li>Der Umzug nach Ragama findet in zwei Touren statt<\/li>\n<li>Auf der Farm passiert nun erstmal nichts mehr<\/li>\n<li>Wir bekommen unser Verpackungsmaterial<\/li>\n<li>Letzte Vorbereitungen f\u00fcr die erste Lieferung<\/li>\n<li>Unsere erste Testlieferung nach Deutschland findet statt!<\/li>\n<li>Karin und Robert besuchen uns wieder und bleiben diesmal drei Monate<\/li>\n<\/ul>\n<p><strong>Juni bis September<br \/>\n<\/strong><\/p>\n<ul>\n<li>Die Fruchtlawine organisiert je zwei Lieferungen pro Monat<\/li>\n<\/ul>\n<p><strong>Oktober<\/strong><\/p>\n<ul>\n<li>Flow kommt nach Sri Lanka. Er wird f\u00fcr ein halbes Jahr bleiben und uns unterst\u00fctzen<\/li>\n<li>Die Fruchtlawine organisiert wieder zwei Lieferungen in diesem Monat<\/li>\n<li>Ich erhalte wieder eine kostenlose Verl\u00e4ngerung meiner Aufenthaltsgenehmigung f\u00fcr zwei Jahre \ud83d\ude09<\/li>\n<\/ul>\n<p><strong>November<\/strong><\/p>\n<ul>\n<li>Die Fruchtlawine\u00a0rollt ab sofort w\u00f6chentlich!<\/li>\n<li>Alex besucht Sri Lanka\u00a0zum ersten Mal. Gemeinsam mit Flow &amp; Anusha\u00a0f\u00e4hrt sie\u00a0f\u00fcr\u00a0einige Tage nach Monaragala. Anschlie\u00dfend geht es noch runter in den S\u00fcden und Flow und Alex verbringen ein paar Tage am Meer.<\/li>\n<\/ul>\n<p><strong>Dezember<\/strong><\/p>\n<ul>\n<li>Ein eigener LKW wird angeschafft<\/li>\n<li>Die Fruchtlawine rollt\u00a05\u00a0x\u00a0in diesem Monat<\/li>\n<li>Die Webseite f\u00fcr unsere Selbstversorger-Gemeinschaft geht online<\/li>\n<\/ul>\n","protected":false},"excerpt":{"rendered":"<p>Zusammenfassung Das neue Jahr beginnt in Deutschland und Anusha\u00a0baut ihren ersten Schneemann und besichtigt\u00a0ihr erstes Iglu. Nachdem sie nun meine ganze Familie kennengelernt hat besuchen wir gute Freunde in Hamburg und sind auch einige Zeit bei meinem Bruder. Zeitgleich beginnen die letzten Planungen f\u00fcr die Fruchtlawine und es gelingt uns das komplette Startkapital von \u00fcber &hellip; <\/p>\n<p class=\"link-more\"><a href=\"https:\/\/www.rohkostinsel.de\/?page_id=2705\" class=\"more-link\"><span class=\"screen-reader-text\">\u201eJahresr\u00fcckblick 2015\u201c<\/span> weiterlesen<\/a><\/p>\n","protected":false},"author":1,"featured_media":0,"parent":0,"menu_order":0,"comment_status":"closed","ping_status":"closed","template":"","meta":[],"_links":{"self":[{"href":"https:\/\/www.rohkostinsel.de\/index.php?rest_route=\/wp\/v2\/pages\/2705"}],"collection":[{"href":"https:\/\/www.rohkostinsel.de\/index.php?rest_route=\/wp\/v2\/pages"}],"about":[{"href":"https:\/\/www.rohkostinsel.de\/index.php?rest_route=\/wp\/v2\/types\/page"}],"author":[{"embeddable":true,"href":"https:\/\/www.rohkostinsel.de\/index.php?rest_route=\/wp\/v2\/users\/1"}],"replies":[{"embeddable":true,"href":"https:\/\/www.rohkostinsel.de\/index.php?rest_route=%2Fwp%2Fv2%2Fcomments&post=2705"}],"version-history":[{"count":5,"href":"https:\/\/www.rohkostinsel.de\/index.php?rest_route=\/wp\/v2\/pages\/2705\/revisions"}],"predecessor-version":[{"id":3401,"href":"https:\/\/www.rohkostinsel.de\/index.php?rest_route=\/wp\/v2\/pages\/2705\/revisions\/3401"}],"wp:attachment":[{"href":"https:\/\/www.rohkostinsel.de\/index.php?rest_route=%2Fwp%2Fv2%2Fmedia&parent=2705"}],"curies":[{"name":"wp","href":"https:\/\/api.w.org\/{rel}","templated":true}]}}