{"id":2892,"date":"2015-12-21T07:07:20","date_gmt":"2015-12-21T07:07:20","guid":{"rendered":"https:\/\/www.rohkostinsel.de\/?page_id=2892"},"modified":"2016-01-01T13:09:15","modified_gmt":"2016-01-01T13:09:15","slug":"das-drehbuch","status":"publish","type":"page","link":"https:\/\/www.rohkostinsel.de\/?page_id=2892","title":{"rendered":"Die Story"},"content":{"rendered":"<p>Seit meiner Entscheidung 2008 f\u00fcr l\u00e4ngere Zeit nach Sri Lanka zu gehen, ist sehr viel passiert. Ich habe hier nun f\u00fcr jedes Jahr einen kleinen &#8222;Jahresr\u00fcckblick&#8220; erstellt\u00a0und versucht einen kurzen \u00dcberblick zu\u00a0vermitteln\u00a0und\u00a0unsere bisherigen Schwerpunkte und Aktivit\u00e4ten\u00a0zu beschreiben. So bekommst Du als Leser eine Idee davon was wir durchlebt haben und warum wir jetzt da sind wo wir sind und nat\u00fcrlich auch wie es dazu kam. Wir haben Erfahrungen gesammelt, nat\u00fcrlich sehr viele Fehler gemacht und daraus gelernt. Das wird aber auch in Zukunft hoffentlich so bleiben. Einzig und alleine unsere Sichtweisen sollten\u00a0sich ver\u00e4ndern. Wir wachsen noch\u00a0und auch unser jetziges Projekt hat sich \u00fcber die Jahre erst entwickelt zu dem was es heute ist und in Zukunft vielleicht werden wird.<\/p>\n<p>Es war ein teilweise schmerzhafter Prozess und besonders ich habe hart zu k\u00e4mpfen gehabt mit mir selbst. Ich brauchte einige Schl\u00fcsselerlebnisse, die mein Leben komplett in den Grundfesten ersch\u00fcttert haben um\u00a0Ver\u00e4nderungen zuzulassen und ich befinde mich noch immer auf dem Weg. Ich hoffe das die Zeit jetzt reif ist und ich\u00a0freue mich auf ein Leben in Gemeinschaft mit Gleichgesinnten.<\/p>\n<p>Dezember 2015,<br \/>\nSri Lanka, Ragama<br \/>\nBenjamin<\/p>\n","protected":false},"excerpt":{"rendered":"<p>Seit meiner Entscheidung 2008 f\u00fcr l\u00e4ngere Zeit nach Sri Lanka zu gehen, ist sehr viel passiert. Ich habe hier nun f\u00fcr jedes Jahr einen kleinen &#8222;Jahresr\u00fcckblick&#8220; erstellt\u00a0und versucht einen kurzen \u00dcberblick zu\u00a0vermitteln\u00a0und\u00a0unsere bisherigen Schwerpunkte und Aktivit\u00e4ten\u00a0zu beschreiben. So bekommst Du als Leser eine Idee davon was wir durchlebt haben und warum wir jetzt da sind &hellip; <\/p>\n<p class=\"link-more\"><a href=\"https:\/\/www.rohkostinsel.de\/?page_id=2892\" class=\"more-link\"><span class=\"screen-reader-text\">\u201eDie Story\u201c<\/span> weiterlesen<\/a><\/p>\n","protected":false},"author":1,"featured_media":0,"parent":0,"menu_order":0,"comment_status":"closed","ping_status":"closed","template":"","meta":[],"_links":{"self":[{"href":"https:\/\/www.rohkostinsel.de\/index.php?rest_route=\/wp\/v2\/pages\/2892"}],"collection":[{"href":"https:\/\/www.rohkostinsel.de\/index.php?rest_route=\/wp\/v2\/pages"}],"about":[{"href":"https:\/\/www.rohkostinsel.de\/index.php?rest_route=\/wp\/v2\/types\/page"}],"author":[{"embeddable":true,"href":"https:\/\/www.rohkostinsel.de\/index.php?rest_route=\/wp\/v2\/users\/1"}],"replies":[{"embeddable":true,"href":"https:\/\/www.rohkostinsel.de\/index.php?rest_route=%2Fwp%2Fv2%2Fcomments&post=2892"}],"version-history":[{"count":2,"href":"https:\/\/www.rohkostinsel.de\/index.php?rest_route=\/wp\/v2\/pages\/2892\/revisions"}],"predecessor-version":[{"id":3168,"href":"https:\/\/www.rohkostinsel.de\/index.php?rest_route=\/wp\/v2\/pages\/2892\/revisions\/3168"}],"wp:attachment":[{"href":"https:\/\/www.rohkostinsel.de\/index.php?rest_route=%2Fwp%2Fv2%2Fmedia&parent=2892"}],"curies":[{"name":"wp","href":"https:\/\/api.w.org\/{rel}","templated":true}]}}