{"id":3496,"date":"2019-12-19T02:40:12","date_gmt":"2019-12-19T02:40:12","guid":{"rendered":"https:\/\/www.rohkostinsel.de\/?page_id=3496"},"modified":"2020-01-05T00:12:05","modified_gmt":"2020-01-05T00:12:05","slug":"2008-2012","status":"publish","type":"page","link":"https:\/\/www.rohkostinsel.de\/?page_id=3496","title":{"rendered":"Jahresr\u00fcckblicke 2008-2019"},"content":{"rendered":"\n<p>Um Dir einen <strong>kleinen Einblick<\/strong> zu geben, haben wir hier f\u00fcr jedes Jahr einen kurzen Jahresr\u00fcckblick erstellt. Die <strong>f\u00fcr uns <\/strong>wichtigsten Ereignisse sind chronologisch geordnet, kurz beschrieben und teilweise mit Fotos hinteregt. Manchmal auch nur in Stichw\u00f6rtern aufgelistet. Anhand dieser \u00dcbersichten k\u00f6nnt Ihr <strong>unsere bisherigen Entwicklungsschritte<\/strong> zumindest ansatzweise etwas nachvollziehen. Wir haben nat\u00fcrlich unz\u00e4hlige &#8222;Fehler&#8220; gemacht bzw. im Nachhinein ist man immer schlauer. Aber der Prozess war absolut notwendig um daran zu <strong>Wachsen<\/strong> und zu <strong>Lernen<\/strong> und nur deshalb sind wir jetzt<strong> in diesem Moment angekommen<\/strong>. <\/p>\n","protected":false},"excerpt":{"rendered":"<p>Um Dir einen kleinen Einblick zu geben, haben wir hier f\u00fcr jedes Jahr einen kurzen Jahresr\u00fcckblick erstellt. Die f\u00fcr uns wichtigsten Ereignisse sind chronologisch geordnet, kurz beschrieben und teilweise mit Fotos hinteregt. Manchmal auch nur in Stichw\u00f6rtern aufgelistet. Anhand dieser \u00dcbersichten k\u00f6nnt Ihr unsere bisherigen Entwicklungsschritte zumindest ansatzweise etwas nachvollziehen. Wir haben nat\u00fcrlich unz\u00e4hlige &#8222;Fehler&#8220; &hellip; <\/p>\n<p class=\"link-more\"><a href=\"https:\/\/www.rohkostinsel.de\/?page_id=3496\" class=\"more-link\"><span class=\"screen-reader-text\">\u201eJahresr\u00fcckblicke 2008-2019\u201c<\/span> weiterlesen<\/a><\/p>\n","protected":false},"author":1,"featured_media":0,"parent":0,"menu_order":0,"comment_status":"closed","ping_status":"closed","template":"","meta":[],"_links":{"self":[{"href":"https:\/\/www.rohkostinsel.de\/index.php?rest_route=\/wp\/v2\/pages\/3496"}],"collection":[{"href":"https:\/\/www.rohkostinsel.de\/index.php?rest_route=\/wp\/v2\/pages"}],"about":[{"href":"https:\/\/www.rohkostinsel.de\/index.php?rest_route=\/wp\/v2\/types\/page"}],"author":[{"embeddable":true,"href":"https:\/\/www.rohkostinsel.de\/index.php?rest_route=\/wp\/v2\/users\/1"}],"replies":[{"embeddable":true,"href":"https:\/\/www.rohkostinsel.de\/index.php?rest_route=%2Fwp%2Fv2%2Fcomments&post=3496"}],"version-history":[{"count":3,"href":"https:\/\/www.rohkostinsel.de\/index.php?rest_route=\/wp\/v2\/pages\/3496\/revisions"}],"predecessor-version":[{"id":3553,"href":"https:\/\/www.rohkostinsel.de\/index.php?rest_route=\/wp\/v2\/pages\/3496\/revisions\/3553"}],"wp:attachment":[{"href":"https:\/\/www.rohkostinsel.de\/index.php?rest_route=%2Fwp%2Fv2%2Fmedia&parent=3496"}],"curies":[{"name":"wp","href":"https:\/\/api.w.org\/{rel}","templated":true}]}}