{"id":3509,"date":"2019-12-22T10:48:59","date_gmt":"2019-12-22T10:48:59","guid":{"rendered":"https:\/\/www.rohkostinsel.de\/?page_id=3509"},"modified":"2025-11-10T16:37:17","modified_gmt":"2025-11-10T16:37:17","slug":"die-anfahrt","status":"publish","type":"page","link":"https:\/\/www.rohkostinsel.de\/?page_id=3509","title":{"rendered":"Die Anfahrt"},"content":{"rendered":"\n<p><\/p>\n\n\n\n<p> <strong>DIE ANGEGEBENEN PREISE SIND NICHT MEHR AKTUELL<\/strong> (INFLATION, DIESELKNAPPHEIT, BUSSE FAHREN TEILWEISE NICHT MEHR, ETC.<br>aktuelle Preise gerne bei Bedarf auf Anfrage)<br><br><strong>1. Unsere Empfehlung<\/strong><br> Wir kennen einen guten Fahrer namens <strong>Chanuka<\/strong> der sehr gut Englisch spricht und Dich mit einem <strong>luxuri\u00f6sen, bequemen, neuen Fahrzeug mit Klimaanlage und Airbags direkt zu uns fahren<\/strong> kann. Er kennt die Strecke und gerade in Sri Lanka ist es wichtig einen erfahrenen Fahrer zu haben \ud83d\ude09<br> Chanuka holt Dich in der Empfangshalle am Flughafen ab (hilft gerne eine SIM-Karte zu besorgen) und f\u00e4hrt Dich dann direkt nach Monaragala. Das \u00a0ist in jedem Fall die bequemste und sicherste Variante. Im Kofferraum ist <strong>ausreichend Platz f\u00fcr Dein Gep\u00e4ck<\/strong>.<br> Es empfiehlt sich m\u00f6glichst fr\u00fch am Morgen in Sri Lanka zu landen, dann kannst Du <strong>unterwegs die Landschaft bestaunen<\/strong> und kommst noch bei Tageslicht an. <strong>Zwischenstopps <\/strong>sind ebenfalls eine m\u00f6gliche und immer nette Abwechslung. Am Besten erkl\u00e4rst Du Chanuka was Du gerne sehen willst, dann kann er die Route danach aussuchen und Dir alles zeigen.<br> <strong>Tipp<\/strong>: Unterwegs kann man jederzeit am Stra\u00dfenrand anhalten und <strong>frische Kokosn\u00fcsse <\/strong>oder <strong>tropische Fr\u00fcchte <\/strong>kaufen. Falls Du auf die Toilette mu\u00dft wei\u00df Chanuka, wo es am ehesten m\u00f6glich ist.<br> <br> <strong>Kosten<\/strong>: 80,000Rupien<br> <em><strong>Info<\/strong>: Da Fahrzeuge  in Sri Lanka sehr teuer in der Anschaffung und Instandhaltung sind sp\u00fcrt man das auch an den Taxipreisen. Es lohnt sich immer ein Taxi zu teilen.  <\/em> <br><br>G\u00fcnstigere <strong>Alternative:<\/strong><br>Chanuka holt Dich am Flughafen ab und f\u00e4hrt Dich zum <strong>klimatisierten Reisebus<\/strong> nach Colombo. Der Bus f\u00e4hrt direkt nach Monaragala und dort holt Dich Sajith der TukTuk Fahrer unseres Vertrauens ab.<\/p>\n\n\n\n<p><em><strong>Sajith hat ein rotes TukTuk mit dem Kennzeichen: UP QL 9279<\/strong><br>Bitte nur mit Sajith von Monaragala zu unserem Grundst\u00fcck fahren &#8211; bitte nicht mit anderen TukTuk-Fahrern auf eigene Faust fahren! Danke!<br>Gebt Sajith gerne Trinkgeld &#8211; er ist eine ehrliche Haut und hilft euch auch sonst bei allem was ihr vorhabt. Sein English ist nicht ganz  so gut, aber doch ausreichend.<\/em><br><br><strong>Klimatisierte Reisebusse<\/strong><br>Hier gibt es <strong>zwei Varianten<\/strong> bzw. <strong>zwei Reisebusse<\/strong>, ja nachdem wann Dein Flieger landet. (<em>Notfalls musst Du eine Nacht in Ragama verbringen.<\/em>)<br>a.) Der <strong>12:50Uhr Mittags-Bus<\/strong>  (Sitzplatz reservieren: 0776981722)<br>Fahrtzeit ca. 6-7 Stunden durch anfangs viel Verkehr (Colombo Suburbs)<br>b.) Der <strong>3:00Uhr Nacht-Bus<\/strong>  (Sitzplatz reservieren: 077 5758599) <br>Fahrtzeit ca. 5-6 Stunden &#8211; Nachts ist kaum was los auf der Stra\u00dfe!<\/p>\n\n\n\n<p>Wenn Du es schaffst <strong>Chanuka vor 10:00Uhr morgens in der Empfangshalle am Flughafen zu treffen<\/strong>, dann f\u00e4hrt er Dich direkt zum 12:50Uhr Bus.<br>Sollte Dein Flieger sp\u00e4t landen kannst Du <strong>Chanuka auch bis sp\u00e4testens 1:00Uhr nachts treffen<\/strong> und er f\u00e4hrt Dich zum Nachtbus der um 3:00Uhr startet.<br><br>Wenn Du zu einer <strong>ung\u00fcnstigen Zeit<\/strong> ankommst und Du nicht l\u00e4nger am Flughafen warten m\u00f6chtest, dann kann Chanuka Dich auch jederzeit abholen und Dich zu einem <strong>Hotel in Ragama <\/strong>bringen und Dich von da sp\u00e4ter zum n\u00e4chstm\u00f6glich Bus fahren. <strong>Er sucht Dir gerne ein Hotel das Deinem Budget entspricht.<\/strong><br><br><strong>Kosten<\/strong>:<br>Fahrt vom Flughafen zum Bus: 7,500Rupien<br>Bus-Ticket: ca. 2500Rupien<br>TukTuk zu unserem Grundst\u00fcck: ca. 1,500Rupien<br>Optionales Hotel in Ragama: z.B. 10,000Rupien pro Nacht<\/p>\n\n\n\n<p><br> <br> <strong>2. Selber ein Taxi buchen:<\/strong><br> Wer sich zutraut online ein Taxi zu buchen kann  z.B. UBER oder PickMe w\u00e4hlen und die Fahrt g\u00fcnstiger buchen. Aber Vorsicht, denn es gibt st\u00e4ndig irgendwelche Betr\u00fcgereien oder Tricks. Also den Preis sollte man vorher fest verhandeln. Denn es handelt sich um einen unbekannten Fahrer und einen meistens unsicheren Kleinwagen wie z.B. Suzuki Maruti  mit wenig Stauraum und eventuell ohne Klimaanlage bzw. diese kostet dann extra. Am besten alles vorher abkl\u00e4ren! Wie genau die Tricks der Fahrer ablaufen wei\u00df man nie vorher. Allerdings sollte man hier sehr selbstsicher auftreten, hartn\u00e4ckig bleiben und geduldig verhandeln. M\u00f6glichst keine Wertsachen dabei haben \u2013 zumindest nicht offensichtlich und auf keinen Fall n\u00e4here Informationen Preis geben. Monaragala als Zielort ist ausreichend!<\/p>\n\n\n\n<p><strong>Der Kilometerpreis liegt normalerweise bei 40Rupien\/km wobei die R\u00fcckfahrt mit berechnet wird.<\/strong><br><br><strong>Vom Flughafen nach Monaragala sind es:<\/strong><br>\u00fcber Kandy und Mahiyangana 262km (steil und kurvenreich)<br><strong>\u00fcber Nittambuwa und Udawalawe 269km (flach, gute Stra\u00dfen)<\/strong><br>\u00fcber Colombo und Udawalawe 292km (23km mehr durch Colombo)<br>\u00fcber Nittambuwa und Beragala 257km (steil und kurvenreich)<br><em> <br>In Monaragala angekommen solltet Ihr dann mit Sajith im TukTuk zu unserem Grundst\u00fcck fahren, da die Fahrer aufgrund der schlechten Stra\u00dfe sonst gerne nachverhandeln.<\/em><br><br> <strong>Kosten<\/strong>: ca. 20,000Rupien<br> <br> <strong>3. Auf eigene Faust reisen<\/strong> &#8211; <em>f\u00fcr Asien-Kenner:<\/em><br> Wer auf eigene Faust mit dem Bus reisen will, der sollte nicht so viel Gep\u00e4ck dabei haben und sich dar\u00fcber im &nbsp;Klaren sein das es nicht selten ein Spie\u00dfrutenlauf werden kann \ud83d\ude09 Wir haben Euch gewarnt&#8230;<br><strong>Unsere Empfehlung<\/strong>: Eine Nacht in Ragama o. Colombo \u00fcbernachten und dann den klimatisierten Nacht-Bus w\u00e4hlen. <em>Wenn der mal ausf\u00e4llt \u2013 viel Spa\u00df im normalen, v\u00f6llig \u00fcberf\u00fcllten und lauten, staubigen Bus <strong>ohne<\/strong> Klimaanlage (die fahren allerdings st\u00fcndlich &amp; brauchen l\u00e4nger). Ein absolutes Abenteuer.<\/em> <br><br><strong>Spartipp: Mit dem Bus vom Flughafen nach Colombo fahren f\u00fcr 200Rupien.<\/strong> <br><br><strong>Geheimtipp:<\/strong> W\u00e4hle einen Flug der am sp\u00e4ten Abend in Colombo landet. Dann kannst Du ganz gem\u00fctlich im Flughafen sitzen bleiben und Dir erstmal eine SIM-Karte besorgen um dann \u00fcber UBER oder PickMe ein Taxi (alternativ ein Taxi vor Ort oder TukTuk) vom Flughafen nach Colombo zu organisieren. Plane 2 Stunden ein f\u00fcr die Fahrt, die allerdings nur 45min dauern sollte und lasse Dich direkt zum <strong>Busstand Bastian Mawatha<\/strong> <br>(am floating market) fahren. Sei am besten um 2.00Uhr da um den A\/C-Bus um 3.00Uhr morgens von Colombo nach Monaragala zu nehmen\u2013 das ist nur ein kleiner 30 Sitzer.<br><br>Die Haltestelle:<br><strong>Busstand Bastian Mawatha<\/strong> (in Pettah, Colombo11)<br><em>Pettah Private Bus Stand Bastian Mawatha<\/em> <br><br>NICHT der Central Busstand, dort fahren nur die gaaaanz langsamen ROTEN staatlichen Busse!<br>   <img decoding=\"async\" loading=\"lazy\" width=\"1653\" height=\"925\" class=\"wp-image-3447\" style=\"width: 500px;\" src=\"https:\/\/www.rohkostinsel.de\/wp-content\/uploads\/2019\/12\/mhpdjjhjiejbdcjn.png\" alt=\"\" srcset=\"https:\/\/www.rohkostinsel.de\/wp-content\/uploads\/2019\/12\/mhpdjjhjiejbdcjn.png 1653w, https:\/\/www.rohkostinsel.de\/wp-content\/uploads\/2019\/12\/mhpdjjhjiejbdcjn-595x333.png 595w, https:\/\/www.rohkostinsel.de\/wp-content\/uploads\/2019\/12\/mhpdjjhjiejbdcjn-960x537.png 960w, https:\/\/www.rohkostinsel.de\/wp-content\/uploads\/2019\/12\/mhpdjjhjiejbdcjn-768x430.png 768w, https:\/\/www.rohkostinsel.de\/wp-content\/uploads\/2019\/12\/mhpdjjhjiejbdcjn-1536x860.png 1536w\" sizes=\"(max-width: 767px) 89vw, (max-width: 1000px) 54vw, (max-width: 1071px) 543px, 580px\" \/>    <br>Hier f\u00e4hrt der Bus los: (siehe blauer Kreis auf der Karte). NICHT am Central Bus Stand (roter Kreis)<\/p>\n\n\n\n<p>Taxi vom Flughafen nach Colombo ca. 1,500Rupien<br>A\/C Bus Ticket pro Sitzplatz 700Rupien<br>TukTuk von Monaragala zu uns (mit Sajith) 1,000 Rupien<br><br><strong>Kosten:<\/strong> ca. 3,200Rupien plus eventuelle \u00dcbernachtung in Colombo<br><br>Tipp: Hostels (mit Mehrbettzimmer\/Schlafsaal) sind die g\u00fcnstigste Variante&#8230;<br> <\/p>\n\n\n<p><!--EndFragment--><\/p>\n\n\n<p><\/p>\n","protected":false},"excerpt":{"rendered":"<p>DIE ANGEGEBENEN PREISE SIND NICHT MEHR AKTUELL (INFLATION, DIESELKNAPPHEIT, BUSSE FAHREN TEILWEISE NICHT MEHR, ETC.aktuelle Preise gerne bei Bedarf auf Anfrage) 1. Unsere Empfehlung Wir kennen einen guten Fahrer namens Chanuka der sehr gut Englisch spricht und Dich mit einem luxuri\u00f6sen, bequemen, neuen Fahrzeug mit Klimaanlage und Airbags direkt zu uns fahren kann. Er kennt &hellip; <\/p>\n<p class=\"link-more\"><a href=\"https:\/\/www.rohkostinsel.de\/?page_id=3509\" class=\"more-link\"><span class=\"screen-reader-text\">\u201eDie Anfahrt\u201c<\/span> weiterlesen<\/a><\/p>\n","protected":false},"author":1,"featured_media":0,"parent":0,"menu_order":0,"comment_status":"closed","ping_status":"closed","template":"","meta":[],"_links":{"self":[{"href":"https:\/\/www.rohkostinsel.de\/index.php?rest_route=\/wp\/v2\/pages\/3509"}],"collection":[{"href":"https:\/\/www.rohkostinsel.de\/index.php?rest_route=\/wp\/v2\/pages"}],"about":[{"href":"https:\/\/www.rohkostinsel.de\/index.php?rest_route=\/wp\/v2\/types\/page"}],"author":[{"embeddable":true,"href":"https:\/\/www.rohkostinsel.de\/index.php?rest_route=\/wp\/v2\/users\/1"}],"replies":[{"embeddable":true,"href":"https:\/\/www.rohkostinsel.de\/index.php?rest_route=%2Fwp%2Fv2%2Fcomments&post=3509"}],"version-history":[{"count":5,"href":"https:\/\/www.rohkostinsel.de\/index.php?rest_route=\/wp\/v2\/pages\/3509\/revisions"}],"predecessor-version":[{"id":3735,"href":"https:\/\/www.rohkostinsel.de\/index.php?rest_route=\/wp\/v2\/pages\/3509\/revisions\/3735"}],"wp:attachment":[{"href":"https:\/\/www.rohkostinsel.de\/index.php?rest_route=%2Fwp%2Fv2%2Fmedia&parent=3509"}],"curies":[{"name":"wp","href":"https:\/\/api.w.org\/{rel}","templated":true}]}}