{"id":3513,"date":"2019-12-22T11:06:06","date_gmt":"2019-12-22T11:06:06","guid":{"rendered":"https:\/\/www.rohkostinsel.de\/?page_id=3513"},"modified":"2023-04-29T23:03:41","modified_gmt":"2023-04-29T23:03:41","slug":"ausstattung-und-bedingungen","status":"publish","type":"page","link":"https:\/\/www.rohkostinsel.de\/?page_id=3513","title":{"rendered":"Ausstattung + Bedingungen"},"content":{"rendered":"\n<p>&#8211; Eigener <strong>Trinkwasserbrunnen<\/strong> und Sawyer-Filter (0,02Micron). Wasser wird mit Eimer per Hand geholt \ud83d\ude09 <em>(PH Wert 6 ppm 80-110 gemessen)<\/em><br><br>&#8211; <strong>Gemeinschaftsk\u00fcche <\/strong>m\u00f6glich (wird anderweitig genutzt zur Zeit), Selbstverpflegung m\u00f6glich (K\u00fcche m\u00fcsste dann erst eingerichtet werden&#8230;)<br><br> &#8211; <strong>Toilettenhaus<\/strong> mit 6 Hocktoiletten, 1 normale Sitztoiletten<br><br>&#8211; 8 <strong>Outdoor-Duschen<\/strong><br><br>&#8211; <strong>Biogasanlage <\/strong>angeschlossen am Toilettenhaus, die bei ausreichender Nutzung Gas zum Kochen f\u00fcr die Gemeinschaftsk\u00fcche liefern <strong>k\u00f6nnte<\/strong>&#8230;<br><br> &#8211; <strong>Zeltpl\u00e4tze <\/strong>verf\u00fcgbar \u2013 ohne eigene Anschl\u00fcsse \u2013 wer zeltet nutzt die Gemeinschaftsstrukturen.<br><br> &#8211; <strong>Grundwasserbrunnen <\/strong>f\u00fcr Verbrauchswasser mit Pumpe. 2500l Wassertanks, die auf dem h\u00f6chsten Punkt unseres Grundst\u00fccks stehen und dann ohne zus\u00e4tzliche Energie auf dem ganzen Gel\u00e4nde verteilt werden. (Das Grundst\u00fcck ist teilweise etwas steil und liegt an einem S\u00fcdwest-Hang)<br><br> &#8211; <strong>WIFi-Freie Zone!<\/strong> Wir haben (f\u00fcr uns privat) Ethernetkabel f\u00fcr Internet im Haupthaus (wir <em>versuchen<\/em> WiFi komplett zu vermeiden und haben auch ein Strahlungsmessger\u00e4t hier zum Testen.) Der Outdoor-Router ist auf dem Dach um die Strahlung zu minimieren. Internetnutzung ist m\u00f6glich ABER nur zu bestimmten Zeiten\/auf Anfrage und begrenztes Volumen\/eventuell gegen Bezahlung. Wir arbeiten noch an einer besseren L\u00f6sung. Auf jeden Fall ist es m\u00f6glich hier online zu arbeiten \u2013 es ist nur eine Kostenfrage.<br><br> &#8211; <strong>Unterk\u00fcnfte im Haupthaus<\/strong>: 3 Zimmer, die als Einzelzimmer oder eventuell Doppelzimmer genutzt werden k\u00f6nnen<br><br> &#8211; <strong>Einkaufsm\u00f6glichkeiten<\/strong>: 12km entfernt in Monaragala (Wochenmarkt, Supermarkt, etc.)<br><br> &#8211; <strong>\u00d6ffentliche Verkehrsmittel<\/strong>: Eine Busverbindung ist ca. 600m von unserem Grundst\u00fcck entfernt verf\u00fcgbar (Endstation an der Dorfschule \u2013 hier startet der Bus, der bis in die Stadt f\u00e4hrt alle paar Stunden).<br> <strong><br> Nicht erw\u00fcnscht bei uns sind:<\/strong><br> &#8211; <strong>Rauchen, Alkohol<\/strong> oder andere <strong>Drogen<\/strong>. Marihuana\/Hanf is in Sri Lanka \u00fcbrigens strengstens verboten!<br><br> -Mobile Endger\u00e4te bitte wenn m\u00f6glich nur bei Bedarf auf Empfang stellen bzw. Internetnutzung nur bei Bedarf. (Bitte keine <strong>WIFI oder Hotspots<\/strong> dauerhaft einrichten.)<br><br> &#8211;<strong>FKK<\/strong> bitte unterlassen aufgrund der Kultur ist das hier nicht m\u00f6glich. Selbst auf dem Grundst\u00fcck ist es max. m\u00f6glich f\u00fcr M\u00e4nner in kurzer Hose und freiem Oberk\u00f6rper herumzulaufen, Frauen sollten zus\u00e4tzlich ein Schulterfreies Shirt (minimum) tragen. Bikini ist eher zu gewagt. Wir haben Bambus direkt an die Duschen gepflanzt so das nackt duschen dort m\u00f6glich ist<em>.<\/em> Ich wei\u00df das es nicht leicht zu verstehen ist, aber wir wollen die Kultur\/Gegebenheiten in Sri Lanka respektieren.<br><br> -Minimum <strong>Dress Code<\/strong> au\u00dferhalb des Grundst\u00fccks ist f\u00fcr M\u00e4nner kein Thema: kurze Hose, Muskelshirt voll okay. Aber Frauen bitte m\u00f6glichst Hose bis zum Knie (sollte nicht durchsichtig oder gar eng sein) und Schultern\u00a0 bedecken \u2013 also T-Shirt ohne Ausschnitt ist okay. Wir bitten Euch das zu beachten, da es auf uns \u201ezur\u00fcckf\u00e4llt\u201c \ud83d\ude09 Danke!<br> <br><strong>Unterkunft <\/strong>(Preise pro Woche\/Person):<br>Zeltplatz: 25\u20ac <em>(Zeltpl\u00e4tze sind auf Wunsch auch in direkter N\u00e4he zum Toilettenhaus verf\u00fcgbar)<\/em><br> Haupthaus Zimmer: 75\u20ac <em>(ca. 25m vom Toilettenhaus entfernt)<\/em><br> Baumhaus: 100\u20ac <em>(jede zus\u00e4tzliche Person 50\u20ac, max. 3 Personen &#8211; keine Kinder unter 14Jahre)<\/em><\/p>\n\n\n\n<p>Genutzt werden kann das Toilettenhaus mit den Duschen an der R\u00fcckseite und die Gemeinschaftsk\u00fcche falls Selbstverpflegung gew\u00fcnscht ist.<br> <br> <strong>Verpflegung<\/strong> (Preise pro Mahlzeit\/Person):<br> Verpflegung kostet grunds\u00e4tzlich 1,50\u20ac pro zubereiteter Mahlzeit (bio, vegan, glutenfrei, zuckerfrei, etc. je nach Wunsch)<br> Wer Rohkost bzw. Obst m\u00f6chte bekommt alles zum Selbstkostenpreis \u2013 wir k\u00f6nnen den Transport vom Markt zusammen organiseren, Sammelbestellungen machen, etc.<br>T\u00e4glich frische Ziegenmilch und Eier verf\u00fcgbar.<br> <br> <em>Mehrarbeit gegen freie Verpflegung ist eventuell nach Absprache m\u00f6glich.<\/em> <\/p>\n\n\n\n<p><strong>Mithilfe:<\/strong><br> Normalerweise fallen t\u00e4gliche Arbeiten im \u00a0Garten an, die wir in der Zeit von 7.00Uhr bis 11.00Uhr gemeinsam erledigen. Au\u00dferdem wird im Garten teilweise nochmals am Nachmittag von 15:30-17.30Uhr gearbeitet.<br> 3 Stunden t\u00e4glich mithelfen \u2013 Zeltplatz kostenlos<br> 6 Stunden t\u00e4glich mithelfen \u2013 Zimmer kostenlos<\/p>\n\n\n\n<p>Mithilfe bei Kinderbetreuung\/im Haushalt ist ebenfalls m\u00f6glich.<br> Ausgebildete Handwerker, die an konkreten Projekten mitarbeiten ab 6 Stunden freie Kost und Logie.<\/p>\n\n\n\n<p><strong>Arbeitspl\u00e4tze schaffen<\/strong><br> Wenn Du bei uns wohnst und zahlst, dann k\u00f6nnen wir mit dem Geld auch lokale Arbeiter bezahlen, die mehr schaffen als wir Europ\u00e4er \ud83d\ude09 und die wesentlich weniger kosten. Arbeiter aus dem Dorf kosten z.B. 6-8\u20ac\/Tag (faire Bezahlung f\u00fcr lokale Verh\u00e4ltnisse). Zur Zeit besch\u00e4ftigen wir zwei Frauen aus dem Dorf im Garten. Eine davon ist Witwe und sehr verantwortungsvoll. Deshalb k\u00f6nnen sie sich die Arbeitstage selber aussuchen und arbeiten eigenst\u00e4ndig ohne das wir dabei sein m\u00fcssen. Das funktioniert sehr gut und selbst als wir in Deutschland waren haben die beiden sich um unseren Garten gek\u00fcmmert&#8230;<\/p>\n\n\n<p><!--EndFragment--><\/p>","protected":false},"excerpt":{"rendered":"<p>&#8211; Eigener Trinkwasserbrunnen und Sawyer-Filter (0,02Micron). Wasser wird mit Eimer per Hand geholt \ud83d\ude09 (PH Wert 6 ppm 80-110 gemessen) &#8211; Gemeinschaftsk\u00fcche m\u00f6glich (wird anderweitig genutzt zur Zeit), Selbstverpflegung m\u00f6glich (K\u00fcche m\u00fcsste dann erst eingerichtet werden&#8230;) &#8211; Toilettenhaus mit 6 Hocktoiletten, 1 normale Sitztoiletten &#8211; 8 Outdoor-Duschen &#8211; Biogasanlage angeschlossen am Toilettenhaus, die bei ausreichender &hellip; <\/p>\n<p class=\"link-more\"><a href=\"https:\/\/www.rohkostinsel.de\/?page_id=3513\" class=\"more-link\"><span class=\"screen-reader-text\">\u201eAusstattung + Bedingungen\u201c<\/span> weiterlesen<\/a><\/p>\n","protected":false},"author":1,"featured_media":3532,"parent":0,"menu_order":0,"comment_status":"closed","ping_status":"closed","template":"","meta":[],"_links":{"self":[{"href":"https:\/\/www.rohkostinsel.de\/index.php?rest_route=\/wp\/v2\/pages\/3513"}],"collection":[{"href":"https:\/\/www.rohkostinsel.de\/index.php?rest_route=\/wp\/v2\/pages"}],"about":[{"href":"https:\/\/www.rohkostinsel.de\/index.php?rest_route=\/wp\/v2\/types\/page"}],"author":[{"embeddable":true,"href":"https:\/\/www.rohkostinsel.de\/index.php?rest_route=\/wp\/v2\/users\/1"}],"replies":[{"embeddable":true,"href":"https:\/\/www.rohkostinsel.de\/index.php?rest_route=%2Fwp%2Fv2%2Fcomments&post=3513"}],"version-history":[{"count":6,"href":"https:\/\/www.rohkostinsel.de\/index.php?rest_route=\/wp\/v2\/pages\/3513\/revisions"}],"predecessor-version":[{"id":3650,"href":"https:\/\/www.rohkostinsel.de\/index.php?rest_route=\/wp\/v2\/pages\/3513\/revisions\/3650"}],"wp:featuredmedia":[{"embeddable":true,"href":"https:\/\/www.rohkostinsel.de\/index.php?rest_route=\/wp\/v2\/media\/3532"}],"wp:attachment":[{"href":"https:\/\/www.rohkostinsel.de\/index.php?rest_route=%2Fwp%2Fv2%2Fmedia&parent=3513"}],"curies":[{"name":"wp","href":"https:\/\/api.w.org\/{rel}","templated":true}]}}