{"id":3610,"date":"2023-04-26T02:45:25","date_gmt":"2023-04-26T02:45:25","guid":{"rendered":"https:\/\/www.rohkostinsel.de\/?page_id=3610"},"modified":"2023-05-01T00:38:45","modified_gmt":"2023-05-01T00:38:45","slug":"waldgarten-projekt","status":"publish","type":"page","link":"https:\/\/www.rohkostinsel.de\/?page_id=3610","title":{"rendered":"Fruchtwaldgarten"},"content":{"rendered":"\n<p>Das Grundst\u00fcck f\u00fcr unser Fruchtwaldgarten-Projekt:<\/p>\n\n\n\n<figure class=\"is-layout-flex wp-block-gallery-1 wp-block-gallery has-nested-images columns-default is-cropped\">\n<figure class=\"wp-block-image size-large\"><a href=\"https:\/\/www.rohkostinsel.de\/wp-content\/uploads\/2023\/04\/grasland1-scaled.jpg\"><img decoding=\"async\" loading=\"lazy\" width=\"960\" height=\"720\" data-id=\"3615\"  src=\"https:\/\/www.rohkostinsel.de\/wp-content\/uploads\/2023\/04\/grasland1-960x720.jpg\" alt=\"\" class=\"wp-image-3615\" srcset=\"https:\/\/www.rohkostinsel.de\/wp-content\/uploads\/2023\/04\/grasland1-960x720.jpg 960w, https:\/\/www.rohkostinsel.de\/wp-content\/uploads\/2023\/04\/grasland1-595x446.jpg 595w, https:\/\/www.rohkostinsel.de\/wp-content\/uploads\/2023\/04\/grasland1-768x576.jpg 768w, https:\/\/www.rohkostinsel.de\/wp-content\/uploads\/2023\/04\/grasland1-1536x1152.jpg 1536w, https:\/\/www.rohkostinsel.de\/wp-content\/uploads\/2023\/04\/grasland1-2048x1536.jpg 2048w\" sizes=\"(max-width: 767px) 89vw, (max-width: 1000px) 54vw, (max-width: 1071px) 543px, 580px\" \/><\/a><\/figure>\n\n\n\n<figure class=\"wp-block-image size-large\"><a href=\"https:\/\/www.rohkostinsel.de\/wp-content\/uploads\/2023\/04\/grasland2-scaled.jpg\"><img decoding=\"async\" loading=\"lazy\" width=\"960\" height=\"720\" data-id=\"3616\"  src=\"https:\/\/www.rohkostinsel.de\/wp-content\/uploads\/2023\/04\/grasland2-960x720.jpg\" alt=\"\" class=\"wp-image-3616\" srcset=\"https:\/\/www.rohkostinsel.de\/wp-content\/uploads\/2023\/04\/grasland2-960x720.jpg 960w, https:\/\/www.rohkostinsel.de\/wp-content\/uploads\/2023\/04\/grasland2-595x446.jpg 595w, https:\/\/www.rohkostinsel.de\/wp-content\/uploads\/2023\/04\/grasland2-768x576.jpg 768w, https:\/\/www.rohkostinsel.de\/wp-content\/uploads\/2023\/04\/grasland2-1536x1152.jpg 1536w, https:\/\/www.rohkostinsel.de\/wp-content\/uploads\/2023\/04\/grasland2-2048x1536.jpg 2048w\" sizes=\"(max-width: 767px) 89vw, (max-width: 1000px) 54vw, (max-width: 1071px) 543px, 580px\" \/><\/a><\/figure>\n\n\n\n<figure class=\"wp-block-image size-large is-style-default\"><a href=\"https:\/\/www.rohkostinsel.de\/wp-content\/uploads\/2023\/04\/grasland3-scaled.jpg\"><img decoding=\"async\" loading=\"lazy\" width=\"960\" height=\"720\" data-id=\"3617\"  src=\"https:\/\/www.rohkostinsel.de\/wp-content\/uploads\/2023\/04\/grasland3-960x720.jpg\" alt=\"\" class=\"wp-image-3617\" srcset=\"https:\/\/www.rohkostinsel.de\/wp-content\/uploads\/2023\/04\/grasland3-960x720.jpg 960w, https:\/\/www.rohkostinsel.de\/wp-content\/uploads\/2023\/04\/grasland3-595x446.jpg 595w, https:\/\/www.rohkostinsel.de\/wp-content\/uploads\/2023\/04\/grasland3-768x576.jpg 768w, https:\/\/www.rohkostinsel.de\/wp-content\/uploads\/2023\/04\/grasland3-1536x1152.jpg 1536w, https:\/\/www.rohkostinsel.de\/wp-content\/uploads\/2023\/04\/grasland3-2048x1536.jpg 2048w\" sizes=\"(max-width: 767px) 89vw, (max-width: 1000px) 54vw, (max-width: 1071px) 543px, 580px\" \/><\/a><\/figure>\n<\/figure>\n\n\n\n<p><br><\/p>\n\n\n\n<figure class=\"is-layout-flex wp-block-gallery-3 wp-block-gallery has-nested-images columns-default is-cropped\">\n<figure class=\"wp-block-image size-large\"><a href=\"https:\/\/www.rohkostinsel.de\/wp-content\/uploads\/2023\/04\/fluss1-scaled.jpg\"><img decoding=\"async\" loading=\"lazy\" width=\"960\" height=\"1280\" data-id=\"3621\"  src=\"https:\/\/www.rohkostinsel.de\/wp-content\/uploads\/2023\/04\/fluss1-960x1280.jpg\" alt=\"\" class=\"wp-image-3621\" srcset=\"https:\/\/www.rohkostinsel.de\/wp-content\/uploads\/2023\/04\/fluss1-960x1280.jpg 960w, https:\/\/www.rohkostinsel.de\/wp-content\/uploads\/2023\/04\/fluss1-595x793.jpg 595w, https:\/\/www.rohkostinsel.de\/wp-content\/uploads\/2023\/04\/fluss1-480x640.jpg 480w, https:\/\/www.rohkostinsel.de\/wp-content\/uploads\/2023\/04\/fluss1-768x1024.jpg 768w, https:\/\/www.rohkostinsel.de\/wp-content\/uploads\/2023\/04\/fluss1-1152x1536.jpg 1152w, https:\/\/www.rohkostinsel.de\/wp-content\/uploads\/2023\/04\/fluss1-1536x2048.jpg 1536w, https:\/\/www.rohkostinsel.de\/wp-content\/uploads\/2023\/04\/fluss1-scaled.jpg 1920w\" sizes=\"(max-width: 767px) 89vw, (max-width: 1000px) 54vw, (max-width: 1071px) 543px, 580px\" \/><\/a><figcaption class=\"wp-element-caption\">Fluss unterhalb unseres Grundst\u00fccks (Westgrenze ist der Fluss)<\/figcaption><\/figure>\n\n\n\n<figure class=\"wp-block-image size-large\"><a href=\"https:\/\/www.rohkostinsel.de\/wp-content\/uploads\/2023\/04\/fluss2-scaled.jpg\"><img decoding=\"async\" loading=\"lazy\" width=\"960\" height=\"1280\" data-id=\"3622\"  src=\"https:\/\/www.rohkostinsel.de\/wp-content\/uploads\/2023\/04\/fluss2-960x1280.jpg\" alt=\"\" class=\"wp-image-3622\" srcset=\"https:\/\/www.rohkostinsel.de\/wp-content\/uploads\/2023\/04\/fluss2-960x1280.jpg 960w, https:\/\/www.rohkostinsel.de\/wp-content\/uploads\/2023\/04\/fluss2-595x793.jpg 595w, https:\/\/www.rohkostinsel.de\/wp-content\/uploads\/2023\/04\/fluss2-480x640.jpg 480w, https:\/\/www.rohkostinsel.de\/wp-content\/uploads\/2023\/04\/fluss2-768x1024.jpg 768w, https:\/\/www.rohkostinsel.de\/wp-content\/uploads\/2023\/04\/fluss2-1152x1536.jpg 1152w, https:\/\/www.rohkostinsel.de\/wp-content\/uploads\/2023\/04\/fluss2-1536x2048.jpg 1536w, https:\/\/www.rohkostinsel.de\/wp-content\/uploads\/2023\/04\/fluss2-scaled.jpg 1920w\" sizes=\"(max-width: 767px) 89vw, (max-width: 1000px) 54vw, (max-width: 1071px) 543px, 580px\" \/><\/a><figcaption class=\"wp-element-caption\">Flussbiegung am tiefsten Punkt unten im Waldgarten-Grundst\u00fcck<\/figcaption><\/figure>\n\n\n\n<figure class=\"wp-block-image size-large\"><a href=\"https:\/\/www.rohkostinsel.de\/wp-content\/uploads\/2023\/04\/grasland_fluss_unterhalb-scaled.jpg\"><img decoding=\"async\" loading=\"lazy\" width=\"960\" height=\"1280\" data-id=\"3620\"  src=\"https:\/\/www.rohkostinsel.de\/wp-content\/uploads\/2023\/04\/grasland_fluss_unterhalb-960x1280.jpg\" alt=\"\" class=\"wp-image-3620\" srcset=\"https:\/\/www.rohkostinsel.de\/wp-content\/uploads\/2023\/04\/grasland_fluss_unterhalb-960x1280.jpg 960w, https:\/\/www.rohkostinsel.de\/wp-content\/uploads\/2023\/04\/grasland_fluss_unterhalb-595x793.jpg 595w, https:\/\/www.rohkostinsel.de\/wp-content\/uploads\/2023\/04\/grasland_fluss_unterhalb-480x640.jpg 480w, https:\/\/www.rohkostinsel.de\/wp-content\/uploads\/2023\/04\/grasland_fluss_unterhalb-768x1024.jpg 768w, https:\/\/www.rohkostinsel.de\/wp-content\/uploads\/2023\/04\/grasland_fluss_unterhalb-1152x1536.jpg 1152w, https:\/\/www.rohkostinsel.de\/wp-content\/uploads\/2023\/04\/grasland_fluss_unterhalb-1536x2048.jpg 1536w, https:\/\/www.rohkostinsel.de\/wp-content\/uploads\/2023\/04\/grasland_fluss_unterhalb-scaled.jpg 1920w\" sizes=\"(max-width: 767px) 89vw, (max-width: 1000px) 54vw, (max-width: 1071px) 543px, 580px\" \/><\/a><figcaption class=\"wp-element-caption\">Fluss (Westgrenze, Waldgarten-Grundst\u00fcck)<\/figcaption><\/figure>\n<\/figure>\n\n\n\n<figure class=\"wp-block-image size-large\"><a href=\"https:\/\/www.rohkostinsel.de\/wp-content\/uploads\/2023\/04\/haus-scaled.jpg\"><img decoding=\"async\" loading=\"lazy\" width=\"960\" height=\"1280\" src=\"https:\/\/www.rohkostinsel.de\/wp-content\/uploads\/2023\/04\/haus-960x1280.jpg\" alt=\"\" class=\"wp-image-3623\" srcset=\"https:\/\/www.rohkostinsel.de\/wp-content\/uploads\/2023\/04\/haus-960x1280.jpg 960w, https:\/\/www.rohkostinsel.de\/wp-content\/uploads\/2023\/04\/haus-595x793.jpg 595w, https:\/\/www.rohkostinsel.de\/wp-content\/uploads\/2023\/04\/haus-480x640.jpg 480w, https:\/\/www.rohkostinsel.de\/wp-content\/uploads\/2023\/04\/haus-768x1024.jpg 768w, https:\/\/www.rohkostinsel.de\/wp-content\/uploads\/2023\/04\/haus-1152x1536.jpg 1152w, https:\/\/www.rohkostinsel.de\/wp-content\/uploads\/2023\/04\/haus-1536x2048.jpg 1536w, https:\/\/www.rohkostinsel.de\/wp-content\/uploads\/2023\/04\/haus-scaled.jpg 1920w\" sizes=\"(max-width: 767px) 89vw, (max-width: 1000px) 54vw, (max-width: 1071px) 543px, 580px\" \/><\/a><figcaption class=\"wp-element-caption\">Unser Haus ist aus der Ferne am gr\u00fcnen Dach zu erkennen \ud83d\ude09<\/figcaption><\/figure>\n\n\n\n<figure class=\"wp-block-image size-large\"><a href=\"https:\/\/www.rohkostinsel.de\/wp-content\/uploads\/2023\/04\/pano-scaled.jpg\"><img decoding=\"async\" loading=\"lazy\" width=\"960\" height=\"178\" src=\"https:\/\/www.rohkostinsel.de\/wp-content\/uploads\/2023\/04\/pano-960x178.jpg\" alt=\"\" class=\"wp-image-3638\" srcset=\"https:\/\/www.rohkostinsel.de\/wp-content\/uploads\/2023\/04\/pano-960x178.jpg 960w, https:\/\/www.rohkostinsel.de\/wp-content\/uploads\/2023\/04\/pano-595x111.jpg 595w, https:\/\/www.rohkostinsel.de\/wp-content\/uploads\/2023\/04\/pano-768x143.jpg 768w, https:\/\/www.rohkostinsel.de\/wp-content\/uploads\/2023\/04\/pano-1536x286.jpg 1536w, https:\/\/www.rohkostinsel.de\/wp-content\/uploads\/2023\/04\/pano-2048x381.jpg 2048w\" sizes=\"(max-width: 767px) 89vw, (max-width: 1000px) 54vw, (max-width: 1071px) 543px, 580px\" \/><\/a><figcaption class=\"wp-element-caption\">Gesamt\u00fcberblick Panorama<\/figcaption><\/figure>\n\n\n\n<figure class=\"wp-block-image size-large\"><a href=\"https:\/\/www.rohkostinsel.de\/wp-content\/uploads\/2023\/04\/IMG_8533-scaled.jpg\"><img decoding=\"async\" loading=\"lazy\" width=\"960\" height=\"376\" src=\"https:\/\/www.rohkostinsel.de\/wp-content\/uploads\/2023\/04\/IMG_8533-960x376.jpg\" alt=\"\" class=\"wp-image-3625\" srcset=\"https:\/\/www.rohkostinsel.de\/wp-content\/uploads\/2023\/04\/IMG_8533-960x376.jpg 960w, https:\/\/www.rohkostinsel.de\/wp-content\/uploads\/2023\/04\/IMG_8533-595x233.jpg 595w, https:\/\/www.rohkostinsel.de\/wp-content\/uploads\/2023\/04\/IMG_8533-768x300.jpg 768w, https:\/\/www.rohkostinsel.de\/wp-content\/uploads\/2023\/04\/IMG_8533-1536x601.jpg 1536w, https:\/\/www.rohkostinsel.de\/wp-content\/uploads\/2023\/04\/IMG_8533-2048x801.jpg 2048w\" sizes=\"(max-width: 767px) 89vw, (max-width: 1000px) 54vw, (max-width: 1071px) 543px, 580px\" \/><\/a><figcaption class=\"wp-element-caption\">Blick Richtung Norden auf den Dorfberg<\/figcaption><\/figure>\n\n\n\n<figure class=\"wp-block-image size-large\"><a href=\"https:\/\/www.rohkostinsel.de\/wp-content\/uploads\/2023\/04\/Blick-vom-hoechsten-Punkt-des-Grundstuecks-Richtung-Westen-scaled.jpg\"><img decoding=\"async\" loading=\"lazy\" width=\"960\" height=\"361\" src=\"https:\/\/www.rohkostinsel.de\/wp-content\/uploads\/2023\/04\/Blick-vom-hoechsten-Punkt-des-Grundstuecks-Richtung-Westen-960x361.jpg\" alt=\"\" class=\"wp-image-3626\" srcset=\"https:\/\/www.rohkostinsel.de\/wp-content\/uploads\/2023\/04\/Blick-vom-hoechsten-Punkt-des-Grundstuecks-Richtung-Westen-960x361.jpg 960w, https:\/\/www.rohkostinsel.de\/wp-content\/uploads\/2023\/04\/Blick-vom-hoechsten-Punkt-des-Grundstuecks-Richtung-Westen-595x223.jpg 595w, https:\/\/www.rohkostinsel.de\/wp-content\/uploads\/2023\/04\/Blick-vom-hoechsten-Punkt-des-Grundstuecks-Richtung-Westen-768x288.jpg 768w, https:\/\/www.rohkostinsel.de\/wp-content\/uploads\/2023\/04\/Blick-vom-hoechsten-Punkt-des-Grundstuecks-Richtung-Westen-1536x577.jpg 1536w, https:\/\/www.rohkostinsel.de\/wp-content\/uploads\/2023\/04\/Blick-vom-hoechsten-Punkt-des-Grundstuecks-Richtung-Westen-2048x769.jpg 2048w\" sizes=\"(max-width: 767px) 89vw, (max-width: 1000px) 54vw, (max-width: 1071px) 543px, 580px\" \/><\/a><figcaption class=\"wp-element-caption\">Blick vom h\u00f6chsten Punkt im Grundst\u00fcck Richtung Westen (zentrales Bergland, mittig)<\/figcaption><\/figure>\n\n\n\n<figure class=\"wp-block-image size-large\"><a href=\"https:\/\/www.rohkostinsel.de\/wp-content\/uploads\/2023\/04\/location-1a-scaled.jpg\"><img decoding=\"async\" loading=\"lazy\" width=\"960\" height=\"224\" src=\"https:\/\/www.rohkostinsel.de\/wp-content\/uploads\/2023\/04\/location-1a-960x224.jpg\" alt=\"\" class=\"wp-image-3627\" srcset=\"https:\/\/www.rohkostinsel.de\/wp-content\/uploads\/2023\/04\/location-1a-960x224.jpg 960w, https:\/\/www.rohkostinsel.de\/wp-content\/uploads\/2023\/04\/location-1a-595x139.jpg 595w, https:\/\/www.rohkostinsel.de\/wp-content\/uploads\/2023\/04\/location-1a-768x179.jpg 768w, https:\/\/www.rohkostinsel.de\/wp-content\/uploads\/2023\/04\/location-1a-1536x358.jpg 1536w, https:\/\/www.rohkostinsel.de\/wp-content\/uploads\/2023\/04\/location-1a-2048x478.jpg 2048w\" sizes=\"(max-width: 767px) 89vw, (max-width: 1000px) 54vw, (max-width: 1071px) 543px, 580px\" \/><\/a><figcaption class=\"wp-element-caption\">potenzieller Bauplatz 1 &#8222;Adlernest&#8220; (hier rechts im Bild, zwischen der Felswand und dem steilen Abhang sind nur wenige Meter, perfekt f\u00fcr ein Ferienhaus das direkt in den Felsen integriert ist.<\/figcaption><\/figure>\n\n\n\n<figure class=\"wp-block-image size-large\"><a href=\"https:\/\/www.rohkostinsel.de\/wp-content\/uploads\/2023\/04\/location-1b-scaled.jpg\"><img decoding=\"async\" loading=\"lazy\" width=\"960\" height=\"213\" src=\"https:\/\/www.rohkostinsel.de\/wp-content\/uploads\/2023\/04\/location-1b-960x213.jpg\" alt=\"\" class=\"wp-image-3630\" srcset=\"https:\/\/www.rohkostinsel.de\/wp-content\/uploads\/2023\/04\/location-1b-960x213.jpg 960w, https:\/\/www.rohkostinsel.de\/wp-content\/uploads\/2023\/04\/location-1b-595x132.jpg 595w, https:\/\/www.rohkostinsel.de\/wp-content\/uploads\/2023\/04\/location-1b-768x170.jpg 768w, https:\/\/www.rohkostinsel.de\/wp-content\/uploads\/2023\/04\/location-1b-1536x340.jpg 1536w, https:\/\/www.rohkostinsel.de\/wp-content\/uploads\/2023\/04\/location-1b-2048x454.jpg 2048w\" sizes=\"(max-width: 767px) 89vw, (max-width: 1000px) 54vw, (max-width: 1071px) 543px, 580px\" \/><\/a><figcaption class=\"wp-element-caption\">potenzieller Bauplatz 1 &#8222;Adlernest&#8220; (links im Bild, Felswand und steiler Abhang, 180 Grad perfekte Aussicht Richtung Westen, zentrales Bergland)<\/figcaption><\/figure>\n\n\n\n<figure class=\"wp-block-image size-large\"><a href=\"https:\/\/www.rohkostinsel.de\/wp-content\/uploads\/2023\/04\/IMG_8621-scaled.jpg\"><img decoding=\"async\" loading=\"lazy\" width=\"960\" height=\"308\" src=\"https:\/\/www.rohkostinsel.de\/wp-content\/uploads\/2023\/04\/IMG_8621-960x308.jpg\" alt=\"\" class=\"wp-image-3631\" srcset=\"https:\/\/www.rohkostinsel.de\/wp-content\/uploads\/2023\/04\/IMG_8621-960x308.jpg 960w, https:\/\/www.rohkostinsel.de\/wp-content\/uploads\/2023\/04\/IMG_8621-595x191.jpg 595w, https:\/\/www.rohkostinsel.de\/wp-content\/uploads\/2023\/04\/IMG_8621-768x246.jpg 768w, https:\/\/www.rohkostinsel.de\/wp-content\/uploads\/2023\/04\/IMG_8621-1536x492.jpg 1536w, https:\/\/www.rohkostinsel.de\/wp-content\/uploads\/2023\/04\/IMG_8621-2048x656.jpg 2048w\" sizes=\"(max-width: 767px) 89vw, (max-width: 1000px) 54vw, (max-width: 1071px) 543px, 580px\" \/><\/a><figcaption class=\"wp-element-caption\">potenzieller Bauplatz 2 am &#8222;langen Felsen&#8220; <\/figcaption><\/figure>\n\n\n\n<figure class=\"wp-block-image size-large\"><a href=\"https:\/\/www.rohkostinsel.de\/wp-content\/uploads\/2023\/04\/location-2-scaled.jpg\"><img decoding=\"async\" loading=\"lazy\" width=\"960\" height=\"276\" src=\"https:\/\/www.rohkostinsel.de\/wp-content\/uploads\/2023\/04\/location-2-960x276.jpg\" alt=\"\" class=\"wp-image-3628\" srcset=\"https:\/\/www.rohkostinsel.de\/wp-content\/uploads\/2023\/04\/location-2-960x276.jpg 960w, https:\/\/www.rohkostinsel.de\/wp-content\/uploads\/2023\/04\/location-2-595x171.jpg 595w, https:\/\/www.rohkostinsel.de\/wp-content\/uploads\/2023\/04\/location-2-768x221.jpg 768w, https:\/\/www.rohkostinsel.de\/wp-content\/uploads\/2023\/04\/location-2-1536x442.jpg 1536w, https:\/\/www.rohkostinsel.de\/wp-content\/uploads\/2023\/04\/location-2-2048x589.jpg 2048w\" sizes=\"(max-width: 767px) 89vw, (max-width: 1000px) 54vw, (max-width: 1071px) 543px, 580px\" \/><\/a><figcaption class=\"wp-element-caption\">potenzieller Bauplatz 3 (zwischen mehreren Felsen und mit super Aussicht Richtung zentrales Bergland, Blick auf Dorfberg teilweise, umgeben von gr\u00f6\u00dferen B\u00e4umen)<\/figcaption><\/figure>\n\n\n\n<figure class=\"wp-block-image size-large\"><a href=\"https:\/\/www.rohkostinsel.de\/wp-content\/uploads\/2023\/04\/location-3-scaled.jpg\"><img decoding=\"async\" loading=\"lazy\" width=\"960\" height=\"373\" src=\"https:\/\/www.rohkostinsel.de\/wp-content\/uploads\/2023\/04\/location-3-960x373.jpg\" alt=\"\" class=\"wp-image-3629\" srcset=\"https:\/\/www.rohkostinsel.de\/wp-content\/uploads\/2023\/04\/location-3-960x373.jpg 960w, https:\/\/www.rohkostinsel.de\/wp-content\/uploads\/2023\/04\/location-3-595x231.jpg 595w, https:\/\/www.rohkostinsel.de\/wp-content\/uploads\/2023\/04\/location-3-768x299.jpg 768w, https:\/\/www.rohkostinsel.de\/wp-content\/uploads\/2023\/04\/location-3-1536x597.jpg 1536w, https:\/\/www.rohkostinsel.de\/wp-content\/uploads\/2023\/04\/location-3-2048x796.jpg 2048w\" sizes=\"(max-width: 767px) 89vw, (max-width: 1000px) 54vw, (max-width: 1071px) 543px, 580px\" \/><\/a><figcaption class=\"wp-element-caption\">potenzieller Bauplatz 4 (Panoramablick auf den Dorfberg und Richtung zentrales Bergland, auf dem h\u00f6chsten Punkt an dieser Stelle und mit Terasse \u00fcber mehrere Felsen)<\/figcaption><\/figure>\n\n\n\n<figure class=\"wp-block-image size-large\"><a href=\"https:\/\/www.rohkostinsel.de\/wp-content\/uploads\/2023\/04\/IMG_8617-scaled.jpg\"><img decoding=\"async\" loading=\"lazy\" width=\"960\" height=\"289\" src=\"https:\/\/www.rohkostinsel.de\/wp-content\/uploads\/2023\/04\/IMG_8617-960x289.jpg\" alt=\"\" class=\"wp-image-3632\" srcset=\"https:\/\/www.rohkostinsel.de\/wp-content\/uploads\/2023\/04\/IMG_8617-960x289.jpg 960w, https:\/\/www.rohkostinsel.de\/wp-content\/uploads\/2023\/04\/IMG_8617-595x179.jpg 595w, https:\/\/www.rohkostinsel.de\/wp-content\/uploads\/2023\/04\/IMG_8617-768x231.jpg 768w, https:\/\/www.rohkostinsel.de\/wp-content\/uploads\/2023\/04\/IMG_8617-1536x463.jpg 1536w, https:\/\/www.rohkostinsel.de\/wp-content\/uploads\/2023\/04\/IMG_8617-2048x617.jpg 2048w\" sizes=\"(max-width: 767px) 89vw, (max-width: 1000px) 54vw, (max-width: 1071px) 543px, 580px\" \/><\/a><figcaption class=\"wp-element-caption\">Kaum B\u00e4ume im Grundst\u00fcck, teilweise starke Bodenerosion, teilweise sehr steiniger Boden, Sandstein&#8230;<\/figcaption><\/figure>\n\n\n\n<figure class=\"wp-block-image size-large\"><a href=\"https:\/\/www.rohkostinsel.de\/wp-content\/uploads\/2023\/04\/IMG_8618-scaled.jpg\"><img decoding=\"async\" loading=\"lazy\" width=\"960\" height=\"253\" src=\"https:\/\/www.rohkostinsel.de\/wp-content\/uploads\/2023\/04\/IMG_8618-960x253.jpg\" alt=\"\" class=\"wp-image-3633\" srcset=\"https:\/\/www.rohkostinsel.de\/wp-content\/uploads\/2023\/04\/IMG_8618-960x253.jpg 960w, https:\/\/www.rohkostinsel.de\/wp-content\/uploads\/2023\/04\/IMG_8618-595x157.jpg 595w, https:\/\/www.rohkostinsel.de\/wp-content\/uploads\/2023\/04\/IMG_8618-768x202.jpg 768w, https:\/\/www.rohkostinsel.de\/wp-content\/uploads\/2023\/04\/IMG_8618-1536x404.jpg 1536w, https:\/\/www.rohkostinsel.de\/wp-content\/uploads\/2023\/04\/IMG_8618-2048x539.jpg 2048w\" sizes=\"(max-width: 767px) 89vw, (max-width: 1000px) 54vw, (max-width: 1071px) 543px, 580px\" \/><\/a><figcaption class=\"wp-element-caption\">Grundst\u00fcck ist zur Zeit mit Gras (invasiv) \u00fcberwachsen (Gefahr bei Feuer insbesondere w\u00e4hrend der Trockenzeit!)<\/figcaption><\/figure>\n\n\n\n<figure class=\"wp-block-image size-large\"><a href=\"https:\/\/www.rohkostinsel.de\/wp-content\/uploads\/2023\/04\/IMG_8596-scaled.jpg\"><img decoding=\"async\" loading=\"lazy\" width=\"960\" height=\"272\" src=\"https:\/\/www.rohkostinsel.de\/wp-content\/uploads\/2023\/04\/IMG_8596-960x272.jpg\" alt=\"\" class=\"wp-image-3634\" srcset=\"https:\/\/www.rohkostinsel.de\/wp-content\/uploads\/2023\/04\/IMG_8596-960x272.jpg 960w, https:\/\/www.rohkostinsel.de\/wp-content\/uploads\/2023\/04\/IMG_8596-595x169.jpg 595w, https:\/\/www.rohkostinsel.de\/wp-content\/uploads\/2023\/04\/IMG_8596-768x218.jpg 768w, https:\/\/www.rohkostinsel.de\/wp-content\/uploads\/2023\/04\/IMG_8596-1536x436.jpg 1536w, https:\/\/www.rohkostinsel.de\/wp-content\/uploads\/2023\/04\/IMG_8596-2048x581.jpg 2048w\" sizes=\"(max-width: 767px) 89vw, (max-width: 1000px) 54vw, (max-width: 1071px) 543px, 580px\" \/><\/a><figcaption class=\"wp-element-caption\">Ausma\u00df des letzten Feuers im April 2023 &#8211; Brandrohdung oberhalb war au\u00dfer Kontrolle geraden und das Feuer ist den Berg heruntergekommen und hat unsere Grenze zun\u00e4chst aber soweit respektiert. Nur unterhalb gab es einen \u00dcbertritt und dann ist eine Teilfl\u00e4che mit ohnehin sehr felsigen Boden und starker Erosion abgebrannt. Anschlie\u00dfend hat das Feuer auch auf der anderen Seite vom Fluss weitergew\u00fctet und eine neu gepflanzte Gummibaumplantage zerst\u00f6rt. (von dort habe ich das Foto gemacht)<br> Fazit:  Gl\u00fcck gehabt, unsere Feuerschneisen und Wege haben geholfen 80% des Grundst\u00fccks zu sch\u00fctzen.<br>Und Vorteil: Wir k\u00f6nnen jetzt besser in den Nachbargrundst\u00fccken die zum Verkauf stehen laufen\/arbeiten und die Grenzen sichern. (Das Gras ist sonst n\u00e4mlich 2m hoch und mit Mimosen\/Dornen durchwachsen und undurchdringlich, daher wird fast immer Feuer benutzt um Grundst\u00fcck freizulegen&#8230;<br>Das Freischneiden dauert beim ersten Mal ewig, dann sollte es m\u00f6glichst alle 4-6 Monate gemacht werden, damit es nicht wieder zu hoch wird. <br><br>vor dem Dorfberg (links) wieder unser Haus ganz klein! zu erkennen&#8230;<br><\/figcaption><\/figure>\n","protected":false},"excerpt":{"rendered":"<p>Das Grundst\u00fcck f\u00fcr unser Fruchtwaldgarten-Projekt:<\/p>\n","protected":false},"author":1,"featured_media":0,"parent":0,"menu_order":0,"comment_status":"closed","ping_status":"closed","template":"","meta":[],"_links":{"self":[{"href":"https:\/\/www.rohkostinsel.de\/index.php?rest_route=\/wp\/v2\/pages\/3610"}],"collection":[{"href":"https:\/\/www.rohkostinsel.de\/index.php?rest_route=\/wp\/v2\/pages"}],"about":[{"href":"https:\/\/www.rohkostinsel.de\/index.php?rest_route=\/wp\/v2\/types\/page"}],"author":[{"embeddable":true,"href":"https:\/\/www.rohkostinsel.de\/index.php?rest_route=\/wp\/v2\/users\/1"}],"replies":[{"embeddable":true,"href":"https:\/\/www.rohkostinsel.de\/index.php?rest_route=%2Fwp%2Fv2%2Fcomments&post=3610"}],"version-history":[{"count":9,"href":"https:\/\/www.rohkostinsel.de\/index.php?rest_route=\/wp\/v2\/pages\/3610\/revisions"}],"predecessor-version":[{"id":3665,"href":"https:\/\/www.rohkostinsel.de\/index.php?rest_route=\/wp\/v2\/pages\/3610\/revisions\/3665"}],"wp:attachment":[{"href":"https:\/\/www.rohkostinsel.de\/index.php?rest_route=%2Fwp%2Fv2%2Fmedia&parent=3610"}],"curies":[{"name":"wp","href":"https:\/\/api.w.org\/{rel}","templated":true}]}}