{"id":3689,"date":"2023-05-04T22:40:38","date_gmt":"2023-05-04T22:40:38","guid":{"rendered":"https:\/\/www.rohkostinsel.de\/?page_id=3689"},"modified":"2023-05-05T00:08:39","modified_gmt":"2023-05-05T00:08:39","slug":"phase-2","status":"publish","type":"page","link":"https:\/\/www.rohkostinsel.de\/?page_id=3689","title":{"rendered":"Phase 2"},"content":{"rendered":"\n<p><strong>Vorbereitung des Bodens<\/strong><br><br>1.) <strong>Mulchen<\/strong><br><br>Gras schneiden und als Mulch verwenden<br><br>2.)<strong> Regenwasser Management<\/strong><br><br>&#8222;Swales&#8220; auf Kontur anlegen um Bodenerosion zu verhindern und Regenwasser zu &#8222;ernten&#8220;<br><br>3.) <strong>D\u00fcnger<\/strong><br>Kompost in gro\u00dfer Menge anlegen<br><br>4.) <strong>Obstb\u00e4ume<\/strong><br>Baumschule anlegen und damit beginnen die Pflanzen\/B\u00e4ume zusammenzutragen bzw. geeignete Kerne zu ziehen<br><br>5.) <strong>Pflanzl\u00f6cher<\/strong><br>Planung der Pflanzpl\u00e4tze und graben der Pflanz\u00f6cher, die dann bereits mit Kompost gef\u00fcllt werden k\u00f6nnen.<br><\/p>\n","protected":false},"excerpt":{"rendered":"<p>Vorbereitung des Bodens 1.) Mulchen Gras schneiden und als Mulch verwenden 2.) Regenwasser Management &#8222;Swales&#8220; auf Kontur anlegen um Bodenerosion zu verhindern und Regenwasser zu &#8222;ernten&#8220; 3.) D\u00fcngerKompost in gro\u00dfer Menge anlegen 4.) Obstb\u00e4umeBaumschule anlegen und damit beginnen die Pflanzen\/B\u00e4ume zusammenzutragen bzw. geeignete Kerne zu ziehen 5.) Pflanzl\u00f6cherPlanung der Pflanzpl\u00e4tze und graben der Pflanz\u00f6cher, die &hellip; <\/p>\n<p class=\"link-more\"><a href=\"https:\/\/www.rohkostinsel.de\/?page_id=3689\" class=\"more-link\"><span class=\"screen-reader-text\">\u201ePhase 2\u201c<\/span> weiterlesen<\/a><\/p>\n","protected":false},"author":1,"featured_media":0,"parent":0,"menu_order":0,"comment_status":"closed","ping_status":"closed","template":"","meta":[],"_links":{"self":[{"href":"https:\/\/www.rohkostinsel.de\/index.php?rest_route=\/wp\/v2\/pages\/3689"}],"collection":[{"href":"https:\/\/www.rohkostinsel.de\/index.php?rest_route=\/wp\/v2\/pages"}],"about":[{"href":"https:\/\/www.rohkostinsel.de\/index.php?rest_route=\/wp\/v2\/types\/page"}],"author":[{"embeddable":true,"href":"https:\/\/www.rohkostinsel.de\/index.php?rest_route=\/wp\/v2\/users\/1"}],"replies":[{"embeddable":true,"href":"https:\/\/www.rohkostinsel.de\/index.php?rest_route=%2Fwp%2Fv2%2Fcomments&post=3689"}],"version-history":[{"count":3,"href":"https:\/\/www.rohkostinsel.de\/index.php?rest_route=\/wp\/v2\/pages\/3689\/revisions"}],"predecessor-version":[{"id":3703,"href":"https:\/\/www.rohkostinsel.de\/index.php?rest_route=\/wp\/v2\/pages\/3689\/revisions\/3703"}],"wp:attachment":[{"href":"https:\/\/www.rohkostinsel.de\/index.php?rest_route=%2Fwp%2Fv2%2Fmedia&parent=3689"}],"curies":[{"name":"wp","href":"https:\/\/api.w.org\/{rel}","templated":true}]}}