{"id":3691,"date":"2023-05-04T22:41:28","date_gmt":"2023-05-04T22:41:28","guid":{"rendered":"https:\/\/www.rohkostinsel.de\/?page_id=3691"},"modified":"2023-05-04T22:41:28","modified_gmt":"2023-05-04T22:41:28","slug":"phase-3","status":"publish","type":"page","link":"https:\/\/www.rohkostinsel.de\/?page_id=3691","title":{"rendered":"Phase 3"},"content":{"rendered":"\n<p><strong>B\u00e4ume einpflanzen<br><\/strong>alle B\u00e4ume am Beginn der Regenzeit einpflanzen (Ziel ist November 2024)<br>B\u00e4ume wenn n\u00f6tig einz\u00e4unen und versorgen<br>Pflege und Instandhaltung<\/p>\n","protected":false},"excerpt":{"rendered":"<p>B\u00e4ume einpflanzenalle B\u00e4ume am Beginn der Regenzeit einpflanzen (Ziel ist November 2024)B\u00e4ume wenn n\u00f6tig einz\u00e4unen und versorgenPflege und Instandhaltung<\/p>\n","protected":false},"author":1,"featured_media":0,"parent":0,"menu_order":0,"comment_status":"closed","ping_status":"closed","template":"","meta":[],"_links":{"self":[{"href":"https:\/\/www.rohkostinsel.de\/index.php?rest_route=\/wp\/v2\/pages\/3691"}],"collection":[{"href":"https:\/\/www.rohkostinsel.de\/index.php?rest_route=\/wp\/v2\/pages"}],"about":[{"href":"https:\/\/www.rohkostinsel.de\/index.php?rest_route=\/wp\/v2\/types\/page"}],"author":[{"embeddable":true,"href":"https:\/\/www.rohkostinsel.de\/index.php?rest_route=\/wp\/v2\/users\/1"}],"replies":[{"embeddable":true,"href":"https:\/\/www.rohkostinsel.de\/index.php?rest_route=%2Fwp%2Fv2%2Fcomments&post=3691"}],"version-history":[{"count":1,"href":"https:\/\/www.rohkostinsel.de\/index.php?rest_route=\/wp\/v2\/pages\/3691\/revisions"}],"predecessor-version":[{"id":3692,"href":"https:\/\/www.rohkostinsel.de\/index.php?rest_route=\/wp\/v2\/pages\/3691\/revisions\/3692"}],"wp:attachment":[{"href":"https:\/\/www.rohkostinsel.de\/index.php?rest_route=%2Fwp%2Fv2%2Fmedia&parent=3691"}],"curies":[{"name":"wp","href":"https:\/\/api.w.org\/{rel}","templated":true}]}}